{"id":227,"date":"2016-02-02T19:54:37","date_gmt":"2016-02-03T00:54:37","guid":{"rendered":"http:\/\/127.0.0.1\/wordpress\/?page_id=227"},"modified":"2025-09-14T15:09:35","modified_gmt":"2025-09-14T19:09:35","slug":"reservations-2","status":"publish","type":"page","link":"http:\/\/golfdorval.com\/wordpress\/fr\/reservations-2\/","title":{"rendered":"R\u00e9servations"},"content":{"rendered":"\r\n<p class=\"has-text-color has-background has-large-font-size has-very-dark-gray-color has-vivid-cyan-blue-background-color\"><strong>Vous trouverez ci-dessous 2 boutons vert, cliquez dessus et vous d\u00e9couvrirez des tutoriels pour apprendre comment cr\u00e9er un compte de r\u00e9servation en ligne, annuler une r\u00e9servation et autres<\/strong>.<\/p>\r\n\r\n\r\n\r\n<figure class=\"wp-block-image size-large\"><img loading=\"lazy\" decoding=\"async\" width=\"970\" height=\"150\" class=\"wp-image-6179\" src=\"http:\/\/www.golfdorval.com\/wordpress\/wp-content\/uploads\/2021\/02\/Sans-titre.png\" alt=\"\" srcset=\"http:\/\/golfdorval.com\/wordpress\/wp-content\/uploads\/2021\/02\/Sans-titre.png 970w, http:\/\/golfdorval.com\/wordpress\/wp-content\/uploads\/2021\/02\/Sans-titre-300x46.png 300w, http:\/\/golfdorval.com\/wordpress\/wp-content\/uploads\/2021\/02\/Sans-titre-768x119.png 768w\" sizes=\"(max-width: 970px) 100vw, 970px\" \/><\/figure>\r\n\r\n\r\n\r\n<div class=\"wp-block-button\"><a class=\"wp-block-button__link has-text-color has-very-dark-gray-color has-background has-vivid-green-cyan-background-color\" href=\"http:\/\/www.golfdorval.com\/wordpress\/fr\/comment-ouvrir-un-compte-chronogolf-et-faire-une-reservation-en-ligne-fichier-pdf\/\"><strong>1. Comment ouvrir un compte Chronogolf et faire une r\u00e9servation en ligne. (version PDF)<\/strong><\/a><\/div>\r\n\r\n\r\n\r\n<figure class=\"wp-block-image size-large\"><img loading=\"lazy\" decoding=\"async\" width=\"970\" height=\"150\" class=\"wp-image-6179\" src=\"http:\/\/www.golfdorval.com\/wordpress\/wp-content\/uploads\/2021\/02\/Sans-titre.png\" alt=\"\" srcset=\"http:\/\/golfdorval.com\/wordpress\/wp-content\/uploads\/2021\/02\/Sans-titre.png 970w, http:\/\/golfdorval.com\/wordpress\/wp-content\/uploads\/2021\/02\/Sans-titre-300x46.png 300w, http:\/\/golfdorval.com\/wordpress\/wp-content\/uploads\/2021\/02\/Sans-titre-768x119.png 768w\" sizes=\"(max-width: 970px) 100vw, 970px\" \/><\/figure>\r\n\r\n\r\n\r\n<div class=\"wp-block-button\"><a class=\"wp-block-button__link has-text-color has-very-dark-gray-color has-background has-vivid-green-cyan-background-color\" href=\"http:\/\/www.golfdorval.com\/wordpress\/fr\/comment-annuler-ou-modifier-une-reservation-ou-ajouter-les-noms-des-golfeurs-fichier-pdf\"><strong>2. Comment annuler ou modifier une r\u00e9servation ou ajouter les noms des golfeurs ( version PDF)<\/strong><\/a><\/div>\r\n\r\n<blockquote>\r\n<h1 style=\"text-align: center;\"><span style=\"color: #008000;\">R\u00e9servations<\/span><\/h1>\r\n<h2 style=\"text-align: center;\"><span style=\"color: #ff0000;\"><span style=\"color: #000080;\"><span style=\"color: #ff0000;\">Le parcours est ouvert tous les jours \u00e0 partir de 8h00.<\/span><\/span><\/span><\/h2>\r\n<\/blockquote>\r\n<h1><span style=\"color: #0000ff;\">**** aucune r\u00e9servation pour le golf miniature (Mini-putt)<\/span><\/h1>\r\n<blockquote><hr \/><\/blockquote>\r\n<h1 style=\"text-align: center;\">Pour r\u00e9server en ligne ( cliquez sur le widget rouge &#8220;R\u00e9servez maintenant&#8221; au bas de la page) \u00e0 partir de 7h30<\/h1>\r\n<h1 style=\"text-align: center;\"><em>3 jours \u00e0 l&#8217;avance\u00a0<\/em><\/h1>\r\n<h2 style=\"text-align: center;\"><span style=\"color: #ff0000;\"><span style=\"text-decoration: underline;\">\u00a0ou vous pouvez r\u00e9server par t\u00e9l\u00e9phone \u00e0 partir de 9h00 jusqu&#8217;\u00e0 15h00<\/span><\/span><\/h2>\r\n<h1 style=\"text-align: center;\"><span style=\"color: #ff0000;\"><span style=\"text-decoration: underline;\">3 jours \u00e0 l&#8217;avance<\/span><\/span><\/h1>\r\n<p><img loading=\"lazy\" decoding=\"async\" class=\"size-full wp-image-1330 alignleft\" src=\"http:\/\/www.golfdorval.com\/wordpress\/wp-content\/uploads\/2016\/02\/thumbnail.png\" alt=\"thumbnail\" width=\"57\" height=\"57\" \/><\/p>\r\n<h3 style=\"text-align: center;\"><span style=\"color: #008000;\"><em><strong>(ancienne version d&#8217;Android seulement )\u21d2\u00a0<\/strong><\/em><\/span><\/h3>\r\n<h3 style=\"text-align: center;\"><span style=\"color: #008000;\"><em><strong> <span style=\"text-decoration: underline; color: #ff0000;\">(<a style=\"color: #ff0000; text-decoration: underline;\" href=\"https:\/\/www.chronogolf.ca\/fr\/club\/golf-dorval\" target=\"_blank\" rel=\"noopener noreferrer\">\u00a0CLIQUEZ <\/a>ICI)<\/span><\/strong><\/em><\/span><\/h3>\r\n<h1 style=\"text-align: center;\"><span style=\"color: #ff0000;\">R\u00c9SERVATIONS : 514-631-GOLF (4653) pour d\u00e9parts de golf<\/span><\/h1>\r\n<h1 style=\"text-align: center;\"><span style=\"color: #ff0000;\">Aucune r\u00e9servation pour le mini-golf<\/span><\/h1>\r\n<h1 style=\"text-align: center;\"><span style=\"color: #ff0000;\">Pour r\u00e9servation au restaurant: 514-266-8338<\/span><\/h1>\r\n<h3 style=\"text-align: center;\"><span style=\"color: #0000ff;\">LA LIGNE DE T\u00c9L\u00c9PHONE\u00a0 EST OUVERTE\u00a0 DE\u00a0 9H00 JUSQU&#8217;\u00c0 15h00<\/span><\/h3>\r\n<h3><span style=\"color: #ff00ff;\">\u00a0<\/span><\/h3>\r\n<ul>\r\n<li>\r\n<h3><span style=\"color: #008000;\">LE LUNDI POUR JEUDI<\/span><\/h3>\r\n<\/li>\r\n<li>\r\n<h3><span style=\"color: #008000;\">LE MARDI POUR VENDREDI<\/span><\/h3>\r\n<\/li>\r\n<li>\r\n<h3><span style=\"color: #008000;\">LE MERCREDI POUR SAMEDI<\/span><\/h3>\r\n<\/li>\r\n<li>\r\n<h3><span style=\"color: #008000;\">LE JEUDI POUR DIMANCHE<\/span><\/h3>\r\n<\/li>\r\n<li>\r\n<h3><span style=\"color: #008000;\">LE VENDREDI POUR LUNDI<\/span><\/h3>\r\n<\/li>\r\n<li>\r\n<h3><span style=\"color: #008000;\">LE SAMEDI POUR MARDI<\/span><\/h3>\r\n<\/li>\r\n<li>\r\n<h3><span style=\"color: #008000;\">LE DIMANCHE POUR MERCREDI<\/span><\/h3>\r\n<\/li>\r\n<\/ul>\r\n<blockquote>\r\n<h3><span style=\"color: #000000;\"><strong>Pour annuler une r\u00e9servation, cliquez dans le menu du site web &#8220;annulation de d\u00e9part&#8221;\u00a0 <\/strong><\/span><span style=\"color: #000000;\"><strong>et vous aurez acc\u00e8s \u00e0 votre tableau de bord. (apr\u00e8s vous \u00eatre connect\u00e9).<\/strong><\/span><strong><span style=\"color: #ff0000;\">\u00a0<\/span><\/strong><\/h3>\r\n<\/blockquote>\r\n<h3><span style=\"color: #000000;\">Pour un <strong><span style=\"text-decoration: underline;\">tournoi de golf<\/span><\/strong>, composez le: (514) 631-6624 poste\u00a0 2227\u00a0\u00a0\u00a0\u00a0\u00a0\u00a0\u00a0\u00a0\u00a0\u00a0\u00a0\u00a0\u00a0\u00a0\u00a0\u00a0\u00a0\u00a0\u00a0\u00a0\u00a0\u00a0\u00a0\u00a0\u00a0\u00a0\u00a0\u00a0\u00a0\u00a0\u00a0\u00a0\u00a0\u00a0\u00a0\u00a0\u00a0\u00a0\u00a0\u00a0\u00a0\u00a0\u00a0\u00a0\u00a0\u00a0\u00a0\u00a0\u00a0\u00a0\u00a0\u00a0\u00a0\u00a0\u00a0\u00a0\u00a0\u00a0\u00a0\u00a0\u00a0\u00a0\u00a0\u00a0\u00a0\u00a0\u00a0\u00a0\u00a0\u00a0\u00a0\u00a0\u00a0\u00a0\u00a0\u00a0\u00a0\u00a0 \u00a0 ou par courriel \u00e0:<\/span> <a href=\"mailto:c.st-georges@golfdorval.com\">c.st-georges@golfdorval.com<\/a><\/h3>","protected":false},"excerpt":{"rendered":"<p>Vous trouverez ci-dessous 2 boutons vert, cliquez dessus et vous d\u00e9couvrirez des tutoriels pour apprendre comment cr\u00e9er un compte de r\u00e9servation en ligne, annuler une r\u00e9servation et autres. R\u00e9servations Le [&hellip;]<\/p>\n","protected":false},"author":1,"featured_media":0,"parent":0,"menu_order":0,"comment_status":"closed","ping_status":"closed","template":"","meta":{"_monsterinsights_skip_tracking":false,"_monsterinsights_sitenote_active":false,"_monsterinsights_sitenote_note":"","_monsterinsights_sitenote_category":0,"footnotes":""},"aioseo_notices":[],"_links":{"self":[{"href":"http:\/\/golfdorval.com\/wordpress\/wp-json\/wp\/v2\/pages\/227"}],"collection":[{"href":"http:\/\/golfdorval.com\/wordpress\/wp-json\/wp\/v2\/pages"}],"about":[{"href":"http:\/\/golfdorval.com\/wordpress\/wp-json\/wp\/v2\/types\/page"}],"author":[{"embeddable":true,"href":"http:\/\/golfdorval.com\/wordpress\/wp-json\/wp\/v2\/users\/1"}],"replies":[{"embeddable":true,"href":"http:\/\/golfdorval.com\/wordpress\/wp-json\/wp\/v2\/comments?post=227"}],"version-history":[{"count":149,"href":"http:\/\/golfdorval.com\/wordpress\/wp-json\/wp\/v2\/pages\/227\/revisions"}],"predecessor-version":[{"id":9937,"href":"http:\/\/golfdorval.com\/wordpress\/wp-json\/wp\/v2\/pages\/227\/revisions\/9937"}],"wp:attachment":[{"href":"http:\/\/golfdorval.com\/wordpress\/wp-json\/wp\/v2\/media?parent=227"}],"curies":[{"name":"wp","href":"https:\/\/api.w.org\/{rel}","templated":true}]}}