{"id":243,"date":"2016-02-02T21:44:44","date_gmt":"2016-02-03T02:44:44","guid":{"rendered":"http:\/\/127.0.0.1\/wordpress\/?page_id=243"},"modified":"2018-02-19T11:21:26","modified_gmt":"2018-02-19T16:21:26","slug":"a-propos","status":"publish","type":"page","link":"http:\/\/golfdorval.com\/wordpress\/fr\/a-propos\/","title":{"rendered":"\u00c0 propos"},"content":{"rendered":"<p>&nbsp;<\/p>\n<h1 style=\"text-align: left;\"><span style=\"color: #008000;\"><strong>Historique<\/strong><\/span><\/h1>\n<p>&nbsp;<\/p>\n<h3>\u00a0\u00a0\u00a0\u00a0\u00a0\u00a0\u00a0\u00a0\u00a0\u00a0\u00a0\u00a0\u00a0\u00a0<span style=\"color: #008000;\"> Le d\u00e9fit\u00a0de concevoir\u00a0 deux parcours de golf \u00a0de\u00a0standard international dans un environnement urbain \u00a0f\u00fbt confi\u00e9e \u00e0 l&#8217;architecte Graham Cooke. La construction \u00e0 d\u00e9but\u00e9 au d\u00e9but des ann\u00e9e 80&#8242;. Le premier parcours 18 trous nomm\u00e9 &#8220;Oakville&#8221; \u00e0\u00a0 \u00e9t\u00e9 inaugur\u00e9 en juin 1982. En mai 1983, l&#8217;ouverture du premier 9 trous nomm\u00e9 &#8220;Gentilly&#8221; et au printemps de 1984 l&#8217;autre 9 trous de &#8220;Gentilly&#8221; \u00e9tait compl\u00e9t\u00e9 pour un total de 36 trous. <\/span><span style=\"color: #008000;\">L&#8217;historique de ce terrain de golf, qui a f\u00eat\u00e9 son 35i\u00e8me anniversaire en 2017, est tr\u00e8s impressionnante. <\/span><\/h3>\n<div id=\"ifeatureslider-1\" class=\"ifeatureslider ifeatureslider-485 auto ifslider-cover\">\n  <div class=\"if-wrapper\">\n    <ul class=\"if-slides\">\n            <li class=\"slide slide-0  current\"> <img loading=\"lazy\" decoding=\"async\" src=\"http:\/\/golfdorval.com\/wordpress\/wp-content\/uploads\/2016\/02\/335.06.10-CONSTRUCTION-DU-GOLF-DORVAL-EN-1980-1981-grande.jpg\" width=\"980\" height=\"600\" \/> <\/li>\n            <li class=\"slide slide-1 hide-slide \"> <img loading=\"lazy\" decoding=\"async\" src=\"http:\/\/golfdorval.com\/wordpress\/wp-content\/uploads\/2016\/02\/335.06.12-CONSTRUCTION-DU-GOLF-DORVAL-EN-1980-1981grandefr.jpeg\" width=\"980\" height=\"600\" \/> <\/li>\n          <\/ul>\n    <div class=\"if-buttons\"  data-slide=\"1\">\n      <div class=\"if-floater\"><\/div>\n      <a class=\"if-prev-btn\">\n        <span class=\"if-arrow prev\" style=\"color:\" >&laquo;<\/span>\n      <\/a>\n      <a class=\"if-next-btn\">\n        <span class=\"if-arrow next\" style=\"color:\" >&raquo;<\/span>\n      <\/a>\n    <\/div>\n  <\/div>\n<\/div>\n\n<h3><span style=\"color: #008000;\">\u00a0\u00a0\u00a0\u00a0\u00a0\u00a0\u00a0\u00a0\u00a0\u00a0\u00a0\u00a0\u00a0\u00a0 \u00a0<strong><u>Depuis l&#8217;ann\u00e9e 2007<\/u><\/strong>, \u00e0 cause d&#8217;un agrandissement de l&#8217;a\u00e9roport Pierre-Elliot Trudeau, nos deux parcours (Oakville et Gentilly)ont \u00e9t\u00e9 fusionn\u00e9 en un seul parcours nomm\u00e9 Golf Dorval. Cinq niveaux de difficult\u00e9s sont offerts sur notre parcours public, Les passionn\u00e9s de d\u00e9fis appr\u00e9cieront notre nouveau parcours d&#8217;une normale de 72, offrant 6667 verges, jusqu&#8217;aux tertres avanc\u00e9s de 5147 verges.<\/span><\/h3>\n<p>&nbsp;<\/p>\n<h1><span style=\"color: #008000;\"><strong>Premiers \u00c9lans<\/strong><\/span><\/h1>\n<p>&nbsp;<\/p>\n<h3><img loading=\"lazy\" decoding=\"async\" class=\"alignnone size-full wp-image-244 alignright\" src=\"http:\/\/www.golfdorval.com\/wordpress\/wp-content\/uploads\/2016\/02\/futur1.jpg\" alt=\"futur1\" width=\"335\" height=\"222\" srcset=\"http:\/\/golfdorval.com\/wordpress\/wp-content\/uploads\/2016\/02\/futur1.jpg 335w, http:\/\/golfdorval.com\/wordpress\/wp-content\/uploads\/2016\/02\/futur1-300x199.jpg 300w\" sizes=\"(max-width: 335px) 100vw, 335px\" \/><span style=\"color: #008000;\">En 1997, GOLF DORVAL f\u00fbt le premier golf public \u00e0 s&#8217;impliquer dans le programme &#8220;Premiers \u00c9lans &#8220;. La tradition se poursuit \u00e0 chaque \u00e9t\u00e9 pour accueillir des centaines de jeunes de 7 \u00e0 12 ans. Cet \u00e9v\u00e8nement initie ces derniers \u00e0 l&#8217;A.B.C. du golf et leur permettra \u00e9ventuellement de devenir de futurs golfeurs passionn\u00e9s de ce sport.<\/span><\/h3>\n","protected":false},"excerpt":{"rendered":"<p>&nbsp; Historique &nbsp; \u00a0\u00a0\u00a0\u00a0\u00a0\u00a0\u00a0\u00a0\u00a0\u00a0\u00a0\u00a0\u00a0\u00a0 Le d\u00e9fit\u00a0de concevoir\u00a0 deux parcours de golf \u00a0de\u00a0standard international dans un environnement urbain \u00a0f\u00fbt confi\u00e9e \u00e0 l&#8217;architecte Graham Cooke. La construction \u00e0 d\u00e9but\u00e9 au d\u00e9but des [&hellip;]<\/p>\n","protected":false},"author":1,"featured_media":0,"parent":0,"menu_order":0,"comment_status":"closed","ping_status":"closed","template":"","meta":{"_monsterinsights_skip_tracking":false,"_monsterinsights_sitenote_active":false,"_monsterinsights_sitenote_note":"","_monsterinsights_sitenote_category":0,"footnotes":""},"aioseo_notices":[],"_links":{"self":[{"href":"http:\/\/golfdorval.com\/wordpress\/wp-json\/wp\/v2\/pages\/243"}],"collection":[{"href":"http:\/\/golfdorval.com\/wordpress\/wp-json\/wp\/v2\/pages"}],"about":[{"href":"http:\/\/golfdorval.com\/wordpress\/wp-json\/wp\/v2\/types\/page"}],"author":[{"embeddable":true,"href":"http:\/\/golfdorval.com\/wordpress\/wp-json\/wp\/v2\/users\/1"}],"replies":[{"embeddable":true,"href":"http:\/\/golfdorval.com\/wordpress\/wp-json\/wp\/v2\/comments?post=243"}],"version-history":[{"count":5,"href":"http:\/\/golfdorval.com\/wordpress\/wp-json\/wp\/v2\/pages\/243\/revisions"}],"predecessor-version":[{"id":2992,"href":"http:\/\/golfdorval.com\/wordpress\/wp-json\/wp\/v2\/pages\/243\/revisions\/2992"}],"wp:attachment":[{"href":"http:\/\/golfdorval.com\/wordpress\/wp-json\/wp\/v2\/media?parent=243"}],"curies":[{"name":"wp","href":"https:\/\/api.w.org\/{rel}","templated":true}]}}