{"id":251,"date":"2016-02-02T22:00:39","date_gmt":"2016-02-03T03:00:39","guid":{"rendered":"http:\/\/127.0.0.1\/wordpress\/?page_id=251"},"modified":"2023-01-10T11:28:58","modified_gmt":"2023-01-10T16:28:58","slug":"reglements-du-parcours","status":"publish","type":"page","link":"http:\/\/golfdorval.com\/wordpress\/fr\/reglements-du-parcours\/","title":{"rendered":"R\u00e8glements du parcours"},"content":{"rendered":"<blockquote>\n<ul>\n<li>\n<h3><span style=\"color: #008000;\">Le port du jeans bleu, les pantalons-surv\u00eatement (ouat\u00e9), les T-shirts et les mini-jupes sont interdits. \u00a0<\/span><\/h3>\n<\/li>\n<li>\n<h3><span style=\"color: #008000;\">Le temps allou\u00e9 pour une ronde de golf est de 4 heures et demi. \u00a0<\/span><\/h3>\n<\/li>\n<li>\n<h3><span style=\"color: #008000;\">Apr\u00e8s le double de coup du par, ramassez votre balle et allez sur le vert. \u00a0<\/span><\/h3>\n<\/li>\n<li>\n<h3><span style=\"color: #008000;\">Gardez les voitures sur le sentier \u00e0 un minimum de 30 pieds du vert. (2 personnes\u00a0 maximum par voiturette)<\/span><\/h3>\n<\/li>\n<li>\n<h3><span style=\"color: #008000;\">Limitez \u00e0 trois (3) minutes , par groupe et par trous, le temps allou\u00e9 \u00e0 chercher une balle. \u00a0<\/span><\/h3>\n<\/li>\n<li>\n<h3><span style=\"color: #008000;\">Replacez les mottes de gazon et r\u00e9parez les marques de balles sur les verts. \u00a0<\/span><\/h3>\n<\/li>\n<li>\n<h3><span style=\"color: #008000;\">R\u00e2telez les marques de pas et de balles au sortir des fosses de sable. \u00a0<\/span><\/h3>\n<\/li>\n<li>\n<h3><span style=\"color: #008000;\">Les coups de pratiques sont d\u00e9fendus sur les d\u00e9parts. \u00a0<\/span><\/h3>\n<\/li>\n<li>\n<h3><span style=\"color: #008000;\">En tout temps, les glaci\u00e8res et boissons alcoolis\u00e9es sont interdites sur le terrain. \u00a0<\/span><\/h3>\n<\/li>\n<li>\n<h3><span style=\"color: #008000;\">Seul les joueurs sont autoris\u00e9s sur le parcours de golf, aucun cadet n&#8217;est autoris\u00e9, aucun visiteur, aucune poussette avec enfant, et vous ne pouvez pas apporter des animaux.<\/span><\/h3>\n<\/li>\n<li>\n<h3><span style=\"color: #008000;\">Les joueurs doivent \u00eatre \u00e2g\u00e9s de plus de douze (12) ans<\/span><\/h3>\n<\/li>\n<li>\n<h3><span style=\"color: #008000;\">Laissez passer les joueurs plus rapides. \u00a0<\/span><\/h3>\n<\/li>\n<li>\n<h3><span style=\"color: #008000;\">Le Marshal poss\u00e8de l&#8217;autorit\u00e9 sur le terrain. \u00a0<\/span><\/h3>\n<\/li>\n<li>\n<h3><span style=\"color: #008000;\">Chaque joueur doit avoir son \u00e9quipement ou un \u00e9quipement lou\u00e9.<\/span><\/h3>\n<\/li>\n<li>\n<h2><span style=\"color: #008000;\">Pour votre s\u00e9curit\u00e9, les golfeurs doivent avoir quitt\u00e9 le parcours, avant la noirceur. <strong>La noirceur arrive 15 minutes apr\u00e8s le coucher du soleil.<\/strong><\/span><\/h2>\n<\/li>\n<li>\n<h3><span style=\"color: #ff0000;\"><strong>(No Show)\u00a0 Apr\u00e8s le deuxi\u00e8me avertissement par courriel, les clients qui ont r\u00e9serv\u00e9s un temps de d\u00e9parts et qui n\u2019annulent pas les personnes manquantes dans leur r\u00e9servation\u00a0devront payer avant leur prochain d\u00e9part de golf un frais de 50$ la premi\u00e8re fois et 100$ les fois suivantes.Il est de votre responsabilit\u00e9 d\u2019annuler en ligne votre temps de d\u00e9part ou les personnes manquantes.<\/strong><\/span><\/h3>\n<\/li>\n<li><a href=\"http:\/\/www.golfdorval.com\/wordpress\/fr\/comment-annuler-ou-modifier-une-reservation-ou-ajouter-les-noms-des-golfeurs-fichier-pdf\">http:\/\/www.golfdorval.com\/wordpress\/fr\/comment-annuler-ou-modifier-une-reservation-ou-ajouter-les-noms-des-golfeurs-fichier-pdf<\/a><\/li>\n<\/ul>\n<h3><strong><span style=\"text-decoration: underline;\"><span style=\"color: #008000; text-decoration: underline;\">R\u00e8glements pour le drapeau bleu avec symbole de fauteuil roulant<\/span><\/span><\/strong><\/h3>\n<\/blockquote>\n<h3><span style=\"color: #008000;\">Un drapeau bleu avec un symbole de fauteuil roulant sur une voiturette signifie que le conducteur de la voiturette a une incapacit\u00e9 pour marcher \u00e0 sa balle.<\/span><\/h3>\n<ol>\n<li>\n<h3><span style=\"color: #008000;\">Le drapeau bleu avec un symbole de fauteuil roulant s&#8217;applique seulement \u00e0 la personne avec une incapacit\u00e9 physique.<\/span><\/h3>\n<\/li>\n<li>\n<h3><span style=\"color: #008000;\">L&#8217;autre personne sur la voiturette qui n&#8217;a pas d&#8217;incapacit\u00e9 physique ne peux pas prendre avantage du drapeau bleu avec un symbole de fauteuil roulant et doit marcher jusqu&#8217;\u00e0 sa balle.<\/span><\/h3>\n<\/li>\n<li>\n<h3><span style=\"color: #008000;\">S&#8217;il y a plus qu&#8217;une personne avec une incapacit\u00e9 physique dans un groupe, ils doivent \u00eatre sur la m\u00eame voiturette.<\/span><\/h3>\n<\/li>\n<li>\n<h3><span style=\"color: #008000;\">Quand le parcours est d\u00e9tremp\u00e9, la personne avec un drapeau bleu avec un symbole de fauteuil roulant peut circuler avec la voiturette \u00e0 90 degr\u00e9.<\/span><\/h3>\n<\/li>\n<li>\n<h3><span style=\"color: #008000;\">Les voiturettes doivent rester sur les sentiers pour chaque d\u00e9parts et pour les verts sauf le #5,#11, maximum 10 pieds du vert.<\/span><\/h3>\n<\/li>\n<\/ol>\n","protected":false},"excerpt":{"rendered":"<p>Le port du jeans bleu, les pantalons-surv\u00eatement (ouat\u00e9), les T-shirts et les mini-jupes sont interdits. \u00a0 Le temps allou\u00e9 pour une ronde de golf est de 4 heures et demi. [&hellip;]<\/p>\n","protected":false},"author":1,"featured_media":0,"parent":0,"menu_order":0,"comment_status":"closed","ping_status":"closed","template":"","meta":{"_monsterinsights_skip_tracking":false,"_monsterinsights_sitenote_active":false,"_monsterinsights_sitenote_note":"","_monsterinsights_sitenote_category":0,"footnotes":""},"aioseo_notices":[],"_links":{"self":[{"href":"http:\/\/golfdorval.com\/wordpress\/wp-json\/wp\/v2\/pages\/251"}],"collection":[{"href":"http:\/\/golfdorval.com\/wordpress\/wp-json\/wp\/v2\/pages"}],"about":[{"href":"http:\/\/golfdorval.com\/wordpress\/wp-json\/wp\/v2\/types\/page"}],"author":[{"embeddable":true,"href":"http:\/\/golfdorval.com\/wordpress\/wp-json\/wp\/v2\/users\/1"}],"replies":[{"embeddable":true,"href":"http:\/\/golfdorval.com\/wordpress\/wp-json\/wp\/v2\/comments?post=251"}],"version-history":[{"count":18,"href":"http:\/\/golfdorval.com\/wordpress\/wp-json\/wp\/v2\/pages\/251\/revisions"}],"predecessor-version":[{"id":7936,"href":"http:\/\/golfdorval.com\/wordpress\/wp-json\/wp\/v2\/pages\/251\/revisions\/7936"}],"wp:attachment":[{"href":"http:\/\/golfdorval.com\/wordpress\/wp-json\/wp\/v2\/media?parent=251"}],"curies":[{"name":"wp","href":"https:\/\/api.w.org\/{rel}","templated":true}]}}