{"id":265,"date":"2016-02-02T23:41:35","date_gmt":"2016-02-03T04:41:35","guid":{"rendered":"http:\/\/127.0.0.1\/wordpress\/?page_id=265"},"modified":"2017-11-12T21:38:45","modified_gmt":"2017-11-13T02:38:45","slug":"notre-parcours","status":"publish","type":"page","link":"http:\/\/golfdorval.com\/wordpress\/fr\/notre-parcours\/","title":{"rendered":"Notre Parcours"},"content":{"rendered":"<div id=\"ifeatureslider-1\" class=\"ifeatureslider ifeatureslider-261 auto ifslider-cover\">\n  <div class=\"if-wrapper\">\n    <ul class=\"if-slides\">\n            <li class=\"slide slide-0  current\"> <img loading=\"lazy\" decoding=\"async\" src=\"http:\/\/golfdorval.com\/wordpress\/wp-content\/uploads\/2016\/02\/photoparcours1.jpg\" width=\"980\" height=\"370\" \/> <\/li>\n            <li class=\"slide slide-1 hide-slide \"> <img loading=\"lazy\" decoding=\"async\" src=\"http:\/\/golfdorval.com\/wordpress\/wp-content\/uploads\/2016\/02\/photoparcours2.jpg\" width=\"980\" height=\"370\" \/> <\/li>\n          <\/ul>\n    <div class=\"if-buttons\"  data-slide=\"1\">\n      <div class=\"if-floater\"><\/div>\n      <a class=\"if-prev-btn\">\n        <span class=\"if-arrow prev\" style=\"color:\" >&laquo;<\/span>\n      <\/a>\n      <a class=\"if-next-btn\">\n        <span class=\"if-arrow next\" style=\"color:\" >&raquo;<\/span>\n      <\/a>\n    <\/div>\n  <\/div>\n<\/div>\n\n<p>&nbsp;<\/p>\n<h3><span class=\"style41\">\u00a0\u00a0\u00a0\u00a0\u00a0\u00a0\u00a0\u00a0\u00a0\u00a0\u00a0\u00a0<span style=\"color: #008000;\"> L&#8217;art de concevoir deux parcours de golf de standard international, dans un environnement urbain, f\u00fbt tout un d\u00e9fi pour l&#8217;architecte Graham Cooke. Ce site tant envi\u00e9 t\u00e9moigne d&#8217;une mission accomplie, puisque le prestigieux Omnium du Qu\u00e9bec se tenait sur nos parcours, \u00e0 deux reprises, soit en 1994 et 1996 et fut l&#8217;h\u00f4te du tournoi de qualification des juniors du Qu\u00e9bec, en vue du Championnat Canadien.<\/span><\/span><\/h3>\n<h3><\/h3>\n<h3><span style=\"color: #008000;\">\u00a0\u00a0\u00a0\u00a0\u00a0\u00a0\u00a0\u00a0\u00a0\u00a0\u00a0 \u00a0<b><u>Depuis l&#8217;ann\u00e9e 2007<\/u><\/b><span class=\"style41\">, \u00e0 cause d&#8217;un agrandissement de l&#8217;a\u00e9roport Pierre-Elliot Trudeau, nos deux parcours (Oakville et Gentilly<span class=\"GramE\">)ont<\/span> \u00e9t\u00e9 fusionn\u00e9 en un seul parcours nomm\u00e9 Golf Dorval.<\/span><\/span><\/h3>\n<p>&nbsp;<\/p>\n<h3><span style=\"color: #008000;\">\u00a0\u00a0\u00a0\u00a0\u00a0\u00a0<span style=\"color: #008000;\">Les multiples services offerts sur les lieux, faciliteront votre journ\u00e9e de golf.<\/span><\/span><\/h3>\n<ul>\n<li>\n<h4><span style=\"color: #008000;\">Grand stationnement pav\u00e9 et \u00e9clair\u00e9 de 350 places.<\/span><\/h4>\n<\/li>\n<li>\n<h4><span style=\"color: #008000;\">Un champ de pratique \u00a0avec 39 partitions sur tapis, 8 partitions sur gazon, 1 fosse de sable et 2 cibles en filet, offrant un site id\u00e9al pour la pratique ou la d\u00e9tente.<\/span><\/h4>\n<\/li>\n<li>\n<h4><span style=\"color: #008000;\">Un vert de pratique accessibles \u00e0 la client\u00e8le.<\/span><\/h4>\n<\/li>\n<li>\n<h4><span style=\"color: #008000;\">70 voiturettes, munies de toits protecteurs et pare-brise, sont disponibles pour les golfeurs.<\/span><\/h4>\n<\/li>\n<li>\n<h4><span style=\"color: #008000;\">Casse-cro\u00fbte \u00e0 la jonction du 9i\u00e8me trou.<\/span><\/h4>\n<\/li>\n<li>\n<h4><span style=\"color: #008000;\">Grande vari\u00e9t\u00e9 de produits offerts \u00e0 la boutique de golf.<\/span><\/h4>\n<\/li>\n<li>\n<h4><span style=\"color: #008000;\">Vestiaires, casiers et douches disponibles et entreposage de sac de golf.<\/span><\/h4>\n<\/li>\n<\/ul>\n<p>&nbsp;<\/p>\n<h3>\u00a0\u00a0\u00a0\u00a0\u00a0\u00a0\u00a0\u00a0\u00a0\u00a0\u00a0\u00a0\u00a0\u00a0 \u00a0<span style=\"color: #008000;\">Votre partie de golf ne peu pas manquer de d\u00e9fi avec notre 9e trou. Ce par 4\u00a0 longitudinal et \u00e9troit, est bord\u00e9 \u00e0 sa droite d&#8217; un joli bois\u00e9, et se termine par un vert inclin\u00e9 de grande dimension, qui est pr\u00e9c\u00e9d\u00e9 d&#8217;une pente ascendante.<\/span><\/h3>\n<h3 style=\"text-align: right;\"><\/h3>\n<p><img loading=\"lazy\" decoding=\"async\" class=\"size-full wp-image-285 aligncenter\" src=\"http:\/\/www.golfdorval.com\/wordpress\/wp-content\/uploads\/2016\/02\/photo18epetite2.jpg\" alt=\"photo18epetite2\" width=\"750\" height=\"505\" srcset=\"http:\/\/golfdorval.com\/wordpress\/wp-content\/uploads\/2016\/02\/photo18epetite2.jpg 750w, http:\/\/golfdorval.com\/wordpress\/wp-content\/uploads\/2016\/02\/photo18epetite2-300x202.jpg 300w\" sizes=\"(max-width: 750px) 100vw, 750px\" \/><\/p>\n<h3><strong>\u00a0\u00a0\u00a0\u00a0\u00a0\u00a0\u00a0\u00a0\u00a0\u00a0\u00a0\u00a0<\/strong><span style=\"color: #008000;\">\u00a0\u00a0\u00a0\u00a0\u00a0<\/span><\/h3>\n","protected":false},"excerpt":{"rendered":"<p>&nbsp; \u00a0\u00a0\u00a0\u00a0\u00a0\u00a0\u00a0\u00a0\u00a0\u00a0\u00a0\u00a0 L&#8217;art de concevoir deux parcours de golf de standard international, dans un environnement urbain, f\u00fbt tout un d\u00e9fi pour l&#8217;architecte Graham Cooke. Ce site tant envi\u00e9 t\u00e9moigne d&#8217;une [&hellip;]<\/p>\n","protected":false},"author":1,"featured_media":0,"parent":0,"menu_order":0,"comment_status":"closed","ping_status":"closed","template":"","meta":{"_monsterinsights_skip_tracking":false,"_monsterinsights_sitenote_active":false,"_monsterinsights_sitenote_note":"","_monsterinsights_sitenote_category":0,"footnotes":""},"aioseo_notices":[],"_links":{"self":[{"href":"http:\/\/golfdorval.com\/wordpress\/wp-json\/wp\/v2\/pages\/265"}],"collection":[{"href":"http:\/\/golfdorval.com\/wordpress\/wp-json\/wp\/v2\/pages"}],"about":[{"href":"http:\/\/golfdorval.com\/wordpress\/wp-json\/wp\/v2\/types\/page"}],"author":[{"embeddable":true,"href":"http:\/\/golfdorval.com\/wordpress\/wp-json\/wp\/v2\/users\/1"}],"replies":[{"embeddable":true,"href":"http:\/\/golfdorval.com\/wordpress\/wp-json\/wp\/v2\/comments?post=265"}],"version-history":[{"count":15,"href":"http:\/\/golfdorval.com\/wordpress\/wp-json\/wp\/v2\/pages\/265\/revisions"}],"predecessor-version":[{"id":2791,"href":"http:\/\/golfdorval.com\/wordpress\/wp-json\/wp\/v2\/pages\/265\/revisions\/2791"}],"wp:attachment":[{"href":"http:\/\/golfdorval.com\/wordpress\/wp-json\/wp\/v2\/media?parent=265"}],"curies":[{"name":"wp","href":"https:\/\/api.w.org\/{rel}","templated":true}]}}