{"id":272,"date":"2016-02-03T10:57:30","date_gmt":"2016-02-03T15:57:30","guid":{"rendered":"http:\/\/127.0.0.1\/wordpress\/?page_id=272"},"modified":"2018-05-14T12:00:06","modified_gmt":"2018-05-14T16:00:06","slug":"carte-de-pointage","status":"publish","type":"page","link":"http:\/\/golfdorval.com\/wordpress\/fr\/carte-de-pointage\/","title":{"rendered":"Carte de pointage"},"content":{"rendered":"<h3><strong>\u00a0\u00a0\u00a0\u00a0\u00a0\u00a0\u00a0\u00a0\u00a0\u00a0\u00a0\u00a0 <\/strong><\/h3>\n<h3><\/h3>\n<h3><strong><span style=\"color: #008000;\">\u00a0\u00a0\u00a0\u00a0\u00a0\u00a0\u00a0\u00a0\u00a0\u00a0\u00a0\u00a0\u00a0\u00a0\u00a0 Cinq niveaux de difficult\u00e9s sont offerts sur notre parcours public, Les passionn\u00e9s de d\u00e9fis appr\u00e9cieront notre nouveau parcours d&#8217;une normale de 72, offrant 6669 verges, jusqu&#8217;aux <\/span><\/strong><span style=\"color: #008000;\"><strong>tertres avanc\u00e9s de 5171 verges.<\/strong><\/span><\/h3>\n<p>&nbsp;<\/p>\n<p><img loading=\"lazy\" decoding=\"async\" class=\"aligncenter wp-image-3252 size-full\" src=\"http:\/\/www.golfdorval.com\/wordpress\/wp-content\/uploads\/2018\/05\/carte-de-pointage.jpg\" alt=\"\" width=\"980\" height=\"700\" srcset=\"http:\/\/golfdorval.com\/wordpress\/wp-content\/uploads\/2018\/05\/carte-de-pointage.jpg 980w, http:\/\/golfdorval.com\/wordpress\/wp-content\/uploads\/2018\/05\/carte-de-pointage-300x214.jpg 300w, http:\/\/golfdorval.com\/wordpress\/wp-content\/uploads\/2018\/05\/carte-de-pointage-768x549.jpg 768w\" sizes=\"(max-width: 980px) 100vw, 980px\" \/><\/p>\n","protected":false},"excerpt":{"rendered":"<p>\u00a0\u00a0\u00a0\u00a0\u00a0\u00a0\u00a0\u00a0\u00a0\u00a0\u00a0\u00a0 \u00a0\u00a0\u00a0\u00a0\u00a0\u00a0\u00a0\u00a0\u00a0\u00a0\u00a0\u00a0\u00a0\u00a0\u00a0 Cinq niveaux de difficult\u00e9s sont offerts sur notre parcours public, Les passionn\u00e9s de d\u00e9fis appr\u00e9cieront notre nouveau parcours d&#8217;une normale de 72, offrant 6669 verges, jusqu&#8217;aux tertres avanc\u00e9s [&hellip;]<\/p>\n","protected":false},"author":1,"featured_media":0,"parent":0,"menu_order":0,"comment_status":"closed","ping_status":"closed","template":"","meta":{"_monsterinsights_skip_tracking":false,"_monsterinsights_sitenote_active":false,"_monsterinsights_sitenote_note":"","_monsterinsights_sitenote_category":0,"footnotes":""},"aioseo_notices":[],"_links":{"self":[{"href":"http:\/\/golfdorval.com\/wordpress\/wp-json\/wp\/v2\/pages\/272"}],"collection":[{"href":"http:\/\/golfdorval.com\/wordpress\/wp-json\/wp\/v2\/pages"}],"about":[{"href":"http:\/\/golfdorval.com\/wordpress\/wp-json\/wp\/v2\/types\/page"}],"author":[{"embeddable":true,"href":"http:\/\/golfdorval.com\/wordpress\/wp-json\/wp\/v2\/users\/1"}],"replies":[{"embeddable":true,"href":"http:\/\/golfdorval.com\/wordpress\/wp-json\/wp\/v2\/comments?post=272"}],"version-history":[{"count":6,"href":"http:\/\/golfdorval.com\/wordpress\/wp-json\/wp\/v2\/pages\/272\/revisions"}],"predecessor-version":[{"id":3253,"href":"http:\/\/golfdorval.com\/wordpress\/wp-json\/wp\/v2\/pages\/272\/revisions\/3253"}],"wp:attachment":[{"href":"http:\/\/golfdorval.com\/wordpress\/wp-json\/wp\/v2\/media?parent=272"}],"curies":[{"name":"wp","href":"https:\/\/api.w.org\/{rel}","templated":true}]}}