{"id":2865,"date":"2017-12-20T19:47:15","date_gmt":"2017-12-21T00:47:15","guid":{"rendered":"http:\/\/www.golfdorval.com\/wordpress\/?page_id=2865"},"modified":"2019-10-05T14:27:49","modified_gmt":"2019-10-05T18:27:49","slug":"faq","status":"publish","type":"page","link":"http:\/\/golfdorval.com\/wordpress\/fr\/faq\/","title":{"rendered":"Faq"},"content":{"rendered":"\n<p style=\"background-color:#d3d9de\" class=\"has-text-color has-background has-vivid-cyan-blue-color\"><strong>Voici les r\u00e9ponses aux questions les plus demand\u00e9es par nos clients.<\/strong><\/p>\n\n\n\n<div class=\"wp-block-image\"><figure class=\"aligncenter\"><img loading=\"lazy\" decoding=\"async\" width=\"400\" height=\"154\" src=\"http:\/\/www.golfdorval.com\/wordpress\/wp-content\/uploads\/2019\/10\/admin-ajax-1.jpg\" alt=\"\" class=\"wp-image-4888\" srcset=\"http:\/\/golfdorval.com\/wordpress\/wp-content\/uploads\/2019\/10\/admin-ajax-1.jpg 400w, http:\/\/golfdorval.com\/wordpress\/wp-content\/uploads\/2019\/10\/admin-ajax-1-300x116.jpg 300w\" sizes=\"(max-width: 400px) 100vw, 400px\" \/><\/figure><\/div>\n\n\n\n<div class=\"wp-block-quick-and-easy-faqs-faqs-toggle\">            <div class=\"qae-faqs-container qae-faqs-toggle-container\">\n\t\t\t\t\t\t<div id=\"qaef-4880\" class=\"qe-faq-toggle faq\">\n\t\t\t<div class=\"qe-toggle-title\">\n\t\t\t\t<h4>\n\t\t\t\t\t<i class=\"fa fa-minus-circle\"><\/i> Est-ce que Golf Dorval est un parcours de golf public ?\t\t\t\t<\/h4>\n\t\t\t<\/div>\n\t\t\t<div class=\"qe-toggle-content\">\n\t\t\t\t\n<p class=\"has-large-font-size\"><strong>Oui, Golf Dorval est un parcours public ouvert \u00e0 tous.<\/strong><\/p>\n\t\t\t<\/div>\n\t\t<\/div>\n\t\t\t\t<div id=\"qaef-4877\" class=\"qe-faq-toggle faq\">\n\t\t\t<div class=\"qe-toggle-title\">\n\t\t\t\t<h4>\n\t\t\t\t\t<i class=\"fa fa-minus-circle\"><\/i> Combien \u00e7a co\u00fbte pour jouer au golf ?\t\t\t\t<\/h4>\n\t\t\t<\/div>\n\t\t\t<div class=\"qe-toggle-content\">\n\t\t\t\t\n<p class=\"has-medium-font-size\"><strong>Vous pouvez trouver tous les tarifs <a href=\"http:\/\/www.golfdorval.com\/wordpress\/fr\/tarifs-2019\/\">ici<\/a><\/strong><\/p>\n\t\t\t<\/div>\n\t\t<\/div>\n\t\t\t\t<div id=\"qaef-2863\" class=\"qe-faq-toggle faqfr\">\n\t\t\t<div class=\"qe-toggle-title\">\n\t\t\t\t<h4>\n\t\t\t\t\t<i class=\"fa fa-minus-circle\"><\/i> Est-ce que le public peux jouer au Golf Dorval ?\t\t\t\t<\/h4>\n\t\t\t<\/div>\n\t\t\t<div class=\"qe-toggle-content\">\n\t\t\t\t<p><strong>Oui, Golf Dorval est un parcours public ouvert \u00e0 tous.<\/strong><\/p>\n\t\t\t<\/div>\n\t\t<\/div>\n\t\t\t\t<div id=\"qaef-2888\" class=\"qe-faq-toggle faqen\">\n\t\t\t<div class=\"qe-toggle-title\">\n\t\t\t\t<h4>\n\t\t\t\t\t<i class=\"fa fa-minus-circle\"><\/i> Is Golf Dorval open to the public ?\t\t\t\t<\/h4>\n\t\t\t<\/div>\n\t\t\t<div class=\"qe-toggle-content\">\n\t\t\t\t<p><strong>Yes, Golf Dorval is a public golf course open to everyone<\/strong><\/p>\n\t\t\t<\/div>\n\t\t<\/div>\n\t\t\t\t<div id=\"qaef-2909\" class=\"qe-faq-toggle faqen\">\n\t\t\t<div class=\"qe-toggle-title\">\n\t\t\t\t<h4>\n\t\t\t\t\t<i class=\"fa fa-minus-circle\"><\/i> How much it cost to play golf ?\t\t\t\t<\/h4>\n\t\t\t<\/div>\n\t\t\t<div class=\"qe-toggle-content\">\n\t\t\t\t<p><strong>The rates can be different, depending if it is during the week or week-end, or how many holes you want to play. <a href=\"http:\/\/www.golfdorval.com\/wordpress\/en\/rates\/\">Click here to see the rates.<\/a><\/strong><\/p>\n\t\t\t<\/div>\n\t\t<\/div>\n\t\t\t\t<div id=\"qaef-2908\" class=\"qe-faq-toggle faqfr\">\n\t\t\t<div class=\"qe-toggle-title\">\n\t\t\t\t<h4>\n\t\t\t\t\t<i class=\"fa fa-minus-circle\"><\/i> Combien \u00e7a co\u00fbte pour jouer au golf ?\t\t\t\t<\/h4>\n\t\t\t<\/div>\n\t\t\t<div class=\"qe-toggle-content\">\n\t\t\t\t<p><strong>Les prix varies selon les heures, la semaine ou la fin de semaine, le nombre de trous jou\u00e9s. <a href=\"http:\/\/www.golfdorval.com\/wordpress\/fr\/tarifs\/\">Cliquez-ici pour ouvrir la page des tarifs.\u00a0<\/a><\/strong><\/p>\n\t\t\t<\/div>\n\t\t<\/div>\n\t\t\t\t<div id=\"qaef-2870\" class=\"qe-faq-toggle faqfr\">\n\t\t\t<div class=\"qe-toggle-title\">\n\t\t\t\t<h4>\n\t\t\t\t\t<i class=\"fa fa-minus-circle\"><\/i> Combien de jours \u00e0 l&#8217;avance est-il  possible de r\u00e9server ?\t\t\t\t<\/h4>\n\t\t\t<\/div>\n\t\t\t<div class=\"qe-toggle-content\">\n\t\t\t\t<p><strong>Il est possible de r\u00e9server 3 jours \u00e0 l&#8217;avance pour le public et 4 jours pour les membres du Club Dorval Select (les r\u00e9sidents de Dorval seulement peuvent joindre le Club Select). Les r\u00e9sidents de Dorval qui ne font pas parti du Club Dorval Select peuvent r\u00e9server 4 jours \u00e0 l&#8217;avance apr\u00e8s une premi\u00e8re inscription.<\/strong><\/p>\n\t\t\t<\/div>\n\t\t<\/div>\n\t\t\t\t<div id=\"qaef-2905\" class=\"qe-faq-toggle faqen\">\n\t\t\t<div class=\"qe-toggle-title\">\n\t\t\t\t<h4>\n\t\t\t\t\t<i class=\"fa fa-minus-circle\"><\/i> How many days in advance is it possible to reserve a tee time ?\t\t\t\t<\/h4>\n\t\t\t<\/div>\n\t\t\t<div class=\"qe-toggle-content\">\n\t\t\t\t<p><strong>It is possible to reserve 3 days in advance for the public and 4 days in advance for the Dorval\u00a0 Select Club members (you must be Dorval citizen&#8217;s to join the Dorval Select Group). Dorval citizen&#8217;s that are not part of the Dorval Select club can reserve 4 days in advance after a first registration.<\/strong><\/p>\n\t\t\t<\/div>\n\t\t<\/div>\n\t\t\t\t<div id=\"qaef-2906\" class=\"qe-faq-toggle faqfr\">\n\t\t\t<div class=\"qe-toggle-title\">\n\t\t\t\t<h4>\n\t\t\t\t\t<i class=\"fa fa-minus-circle\"><\/i> Est-ce qu&#8217;il est possible de r\u00e9server les salles de r\u00e9ception ?\t\t\t\t<\/h4>\n\t\t\t<\/div>\n\t\t\t<div class=\"qe-toggle-content\">\n\t\t\t\t<p><strong>Oui, nous avons deux salles d&#8217;une capacit\u00e9 d&#8217;environ 60 personnes pour des meetings ou autres \u00e9v\u00e9nements. Si les deux salles sont jointes ensemble, alors\u00a0 celle-ci\u00a0 peut accommoder environ 150 personnes id\u00e9ales pour un \u00e9v\u00e9nement\u00a0 comme un mariage. Les salles sont ouvertes du 1 avril au 22 d\u00e9cembre.<\/strong><\/p>\n\t\t\t<\/div>\n\t\t<\/div>\n\t\t\t\t<div id=\"qaef-2907\" class=\"qe-faq-toggle faqen\">\n\t\t\t<div class=\"qe-toggle-title\">\n\t\t\t\t<h4>\n\t\t\t\t\t<i class=\"fa fa-minus-circle\"><\/i> Is it possible to reserve the rooms for banquet ?\t\t\t\t<\/h4>\n\t\t\t<\/div>\n\t\t\t<div class=\"qe-toggle-content\">\n\t\t\t\t<p><strong>Yes,\u00a0 it is possible to reserve. We have 2 rooms that can accommodate 60 persons each for meeting or other events or if the two rooms are put together it can accommodate around 150 persons. Perfect for an event like a wedding. The rooms are available from April 1st until December 22nd.<\/strong><\/p>\n\t\t\t<\/div>\n\t\t<\/div>\n\t\t            <\/div>\n\t\t<\/div>\n","protected":false},"excerpt":{"rendered":"<p>Voici les r\u00e9ponses aux questions les plus demand\u00e9es par nos clients.<\/p>\n","protected":false},"author":1,"featured_media":0,"parent":0,"menu_order":0,"comment_status":"closed","ping_status":"closed","template":"","meta":{"_monsterinsights_skip_tracking":false,"_monsterinsights_sitenote_active":false,"_monsterinsights_sitenote_note":"","_monsterinsights_sitenote_category":0,"footnotes":""},"aioseo_notices":[],"_links":{"self":[{"href":"http:\/\/golfdorval.com\/wordpress\/wp-json\/wp\/v2\/pages\/2865"}],"collection":[{"href":"http:\/\/golfdorval.com\/wordpress\/wp-json\/wp\/v2\/pages"}],"about":[{"href":"http:\/\/golfdorval.com\/wordpress\/wp-json\/wp\/v2\/types\/page"}],"author":[{"embeddable":true,"href":"http:\/\/golfdorval.com\/wordpress\/wp-json\/wp\/v2\/users\/1"}],"replies":[{"embeddable":true,"href":"http:\/\/golfdorval.com\/wordpress\/wp-json\/wp\/v2\/comments?post=2865"}],"version-history":[{"count":23,"href":"http:\/\/golfdorval.com\/wordpress\/wp-json\/wp\/v2\/pages\/2865\/revisions"}],"predecessor-version":[{"id":4894,"href":"http:\/\/golfdorval.com\/wordpress\/wp-json\/wp\/v2\/pages\/2865\/revisions\/4894"}],"wp:attachment":[{"href":"http:\/\/golfdorval.com\/wordpress\/wp-json\/wp\/v2\/media?parent=2865"}],"curies":[{"name":"wp","href":"https:\/\/api.w.org\/{rel}","templated":true}]}}