{"id":325,"date":"2016-02-03T21:38:40","date_gmt":"2016-02-04T02:38:40","guid":{"rendered":"http:\/\/127.0.0.1\/wordpress\/?page_id=325"},"modified":"2019-06-20T21:01:29","modified_gmt":"2019-06-21T01:01:29","slug":"tournois","status":"publish","type":"page","link":"http:\/\/golfdorval.com\/wordpress\/fr\/tournois\/","title":{"rendered":"Tournois"},"content":{"rendered":"<div id=\"ifeatureslider-1\" class=\"ifeatureslider ifeatureslider-313 auto ifslider-cover\">\n  <div class=\"if-wrapper\">\n    <ul class=\"if-slides\">\n            <li class=\"slide slide-0  current\"> <img loading=\"lazy\" decoding=\"async\" src=\"http:\/\/golfdorval.com\/wordpress\/wp-content\/uploads\/2016\/02\/phototournois1slider.jpg\" width=\"980\" height=\"370\" \/> <\/li>\n            <li class=\"slide slide-1 hide-slide \"> <img loading=\"lazy\" decoding=\"async\" src=\"http:\/\/golfdorval.com\/wordpress\/wp-content\/uploads\/2016\/02\/phototournois2slider.jpg\" width=\"980\" height=\"370\" \/> <\/li>\n          <\/ul>\n    <div class=\"if-buttons\"  data-slide=\"1\">\n      <div class=\"if-floater\"><\/div>\n      <a class=\"if-prev-btn\">\n        <span class=\"if-arrow prev\" style=\"color:\" >&laquo;<\/span>\n      <\/a>\n      <a class=\"if-next-btn\">\n        <span class=\"if-arrow next\" style=\"color:\" >&raquo;<\/span>\n      <\/a>\n    <\/div>\n  <\/div>\n<\/div>\n\n<h3><span style=\"color: #008000;\">\u00a0\u00a0\u00a0\u00a0\u00a0\u00a0\u00a0\u00a0\u00a0 Golf Dorval est fier de ses nombreuses ann\u00e9es d&#8217;exp\u00e9rience en tant qu&#8217;h\u00f4te de tournois de golf, tout au long de la saison estivale.<\/span><\/h3>\n<h3><span style=\"color: #008000;\">\u00a0\u00a0\u00a0\u00a0\u00a0\u00a0\u00a0\u00a0\u00a0 Diff\u00e9rents types de tournois s&#8217;offrent \u00e0 vous, tel que d\u00e9parts r\u00e9guliers, meilleur balle et d\u00e9part \u00e9clairs (100 joueurs min. pour d\u00e9part \u00e9clairs)<\/span><\/h3>\n<h2><span style=\"color: #008000;\"><span style=\"text-decoration: underline;\">Voici ce que nous offrons pour tous les tournois<\/span>.<\/span><\/h2>\n<ul>\n<li style=\"list-style-type: none;\">\n<ul>\n<li class=\"style3\" style=\"font: 13.5pt\/normal 'Times New Roman', serif; color: #186321; text-transform: none; text-indent: 0px; letter-spacing: normal; margin-right: 0cm; margin-left: 0cm; word-spacing: 0px; white-space: normal; widows: 1; font-size-adjust: none; font-stretch: normal; background-color: #ffffff; -webkit-text-stroke-width: 0px;\">\n<h4><span style=\"color: #008000;\"><strong>Tente \u00e0 l&#8217;inscription avec tables et chaises.<\/strong><\/span><\/h4>\n<\/li>\n<\/ul>\n<\/li>\n<\/ul>\n<ul>\n<li style=\"list-style-type: none;\">\n<ul>\n<li class=\"style3\" style=\"font: 13.5pt\/normal 'Times New Roman', serif; color: #186321; text-transform: none; text-indent: 0px; letter-spacing: normal; margin-right: 0cm; margin-left: 0cm; word-spacing: 0px; white-space: normal; widows: 1; font-size-adjust: none; font-stretch: normal; background-color: #ffffff; -webkit-text-stroke-width: 0px;\">\n<h4><span style=\"color: #008000;\"><strong>Transport des sacs de golf sur voiturettes.<\/strong><\/span><\/h4>\n<\/li>\n<\/ul>\n<\/li>\n<\/ul>\n<ul>\n<li style=\"list-style-type: none;\">\n<ul>\n<li class=\"style3\" style=\"font: 13.5pt\/normal 'Times New Roman', serif; color: #186321; text-transform: none; text-indent: 0px; letter-spacing: normal; margin-right: 0cm; margin-left: 0cm; word-spacing: 0px; white-space: normal; widows: 1; font-size-adjust: none; font-stretch: normal; background-color: #ffffff; -webkit-text-stroke-width: 0px;\">\n<h4><span style=\"color: #008000;\"><strong>Installation d&#8217;enseignes publicitaires sur le parcours.<\/strong><\/span><\/h4>\n<\/li>\n<\/ul>\n<\/li>\n<\/ul>\n<ul>\n<li style=\"list-style-type: none;\">\n<ul>\n<li class=\"style3\" style=\"font: 13.5pt\/normal 'Times New Roman', serif; color: #186321; text-transform: none; text-indent: 0px; letter-spacing: normal; margin-right: 0cm; margin-left: 0cm; word-spacing: 0px; white-space: normal; widows: 1; font-size-adjust: none; font-stretch: normal; background-color: #ffffff; -webkit-text-stroke-width: 0px;\">\n<h4><span style=\"color: #008000;\"><strong>Douches et casiers.<\/strong><\/span><\/h4>\n<\/li>\n<\/ul>\n<\/li>\n<\/ul>\n<ul>\n<li class=\"style3\" style=\"font: 13.5pt\/normal 'Times New Roman', serif; color: #186321; text-transform: none; text-indent: 0px; letter-spacing: normal; margin-right: 0cm; margin-left: 0cm; word-spacing: 0px; white-space: normal; widows: 1; font-size-adjust: none; font-stretch: normal; background-color: #ffffff; -webkit-text-stroke-width: 0px;\">\n<h4><span style=\"color: #008000;\"><strong>Syst\u00e8me de son, microphone, projecteur, \u00e9cran pour r\u00e9ception.<\/strong><\/span><\/h4>\n<\/li>\n<\/ul>\n<h3><span style=\"color: #008000;\">\u00a0\u00a0\u00a0\u00a0\u00a0\u00a0\u00a0\u00a0\u00a0\u00a0\u00a0 \u00a0Il nous fera plaisir de vous sugg\u00e9rer quelques concours sur les verts, tel que, trou d&#8217;un coup, plus pr\u00e8s du trou, plus longue balle, etc. Notre \u00e9quipe qualifi\u00e9e r\u00e9pondra \u00e0 vos questions et vous conseillera selon vos besoins.<\/span><\/h3>\n<p><img loading=\"lazy\" decoding=\"async\" class=\"alignnone size-full wp-image-326 aligncenter\" src=\"http:\/\/www.golfdorval.com\/wordpress\/wp-content\/uploads\/2016\/02\/Photo-20311-1.jpg\" alt=\"Photo 20311\" width=\"600\" height=\"409\" srcset=\"http:\/\/golfdorval.com\/wordpress\/wp-content\/uploads\/2016\/02\/Photo-20311-1.jpg 600w, http:\/\/golfdorval.com\/wordpress\/wp-content\/uploads\/2016\/02\/Photo-20311-1-300x205.jpg 300w\" sizes=\"(max-width: 600px) 100vw, 600px\" \/><\/p>\n<h4><span style=\"color: #008000;\">Pour toutes informations sur les tournois,<span style=\"color: #008000;\">composez le<\/span><span style=\"color: #008000;\">: <\/span><\/span><\/h4>\n<h4><span style=\"color: #008000;\"><span style=\"color: #008000;\">(514) 631-6624 poste 2227<\/span><\/span><\/h4>\n<h3><span style=\"color: #008000;\">OU par courriel \u00e0\u00a0:<\/span><\/h3>\n<h4><span style=\"color: #008000;\"><a href=\"mailto:c.st-georges@golfdorval.com\">c.st-georges@golfdorval.com<\/a><\/span><\/h4>\n<h4><span style=\"color: #008000;\">Pour toutes informations sur un banquet, <\/span><span style=\"color: #008000;\">composez le: <\/span><\/h4>\n<h4><span style=\"color: #008000;\">(514) 266-8338<\/span><\/h4>\n<h3><span style=\"color: #008000;\">OU par courriel \u00e0 :<\/span><\/h3>\n<h4><a href=\"mailto:chucksfood@gmail.com\" target=\"_blank\" rel=\"noopener noreferrer\">chucksfood@gmail.com<\/a><\/h4>\n","protected":false},"excerpt":{"rendered":"<p>\u00a0\u00a0\u00a0\u00a0\u00a0\u00a0\u00a0\u00a0\u00a0 Golf Dorval est fier de ses nombreuses ann\u00e9es d&#8217;exp\u00e9rience en tant qu&#8217;h\u00f4te de tournois de golf, tout au long de la saison estivale. \u00a0\u00a0\u00a0\u00a0\u00a0\u00a0\u00a0\u00a0\u00a0 Diff\u00e9rents types de tournois s&#8217;offrent [&hellip;]<\/p>\n","protected":false},"author":1,"featured_media":0,"parent":0,"menu_order":0,"comment_status":"closed","ping_status":"closed","template":"","meta":{"_monsterinsights_skip_tracking":false,"_monsterinsights_sitenote_active":false,"_monsterinsights_sitenote_note":"","_monsterinsights_sitenote_category":0,"footnotes":""},"aioseo_notices":[],"_links":{"self":[{"href":"http:\/\/golfdorval.com\/wordpress\/wp-json\/wp\/v2\/pages\/325"}],"collection":[{"href":"http:\/\/golfdorval.com\/wordpress\/wp-json\/wp\/v2\/pages"}],"about":[{"href":"http:\/\/golfdorval.com\/wordpress\/wp-json\/wp\/v2\/types\/page"}],"author":[{"embeddable":true,"href":"http:\/\/golfdorval.com\/wordpress\/wp-json\/wp\/v2\/users\/1"}],"replies":[{"embeddable":true,"href":"http:\/\/golfdorval.com\/wordpress\/wp-json\/wp\/v2\/comments?post=325"}],"version-history":[{"count":14,"href":"http:\/\/golfdorval.com\/wordpress\/wp-json\/wp\/v2\/pages\/325\/revisions"}],"predecessor-version":[{"id":9031,"href":"http:\/\/golfdorval.com\/wordpress\/wp-json\/wp\/v2\/pages\/325\/revisions\/9031"}],"wp:attachment":[{"href":"http:\/\/golfdorval.com\/wordpress\/wp-json\/wp\/v2\/media?parent=325"}],"curies":[{"name":"wp","href":"https:\/\/api.w.org\/{rel}","templated":true}]}}