{"id":364,"date":"2016-02-04T21:37:32","date_gmt":"2016-02-05T02:37:32","guid":{"rendered":"http:\/\/127.0.0.1\/wordpress\/?page_id=364"},"modified":"2025-04-18T18:12:22","modified_gmt":"2025-04-18T22:12:22","slug":"contactez-nous","status":"publish","type":"page","link":"http:\/\/golfdorval.com\/wordpress\/fr\/contactez-nous\/","title":{"rendered":"Contactez-nous"},"content":{"rendered":"\r\n<div class=\"wp-block-image\">\r\n<figure class=\"aligncenter\"><img loading=\"lazy\" decoding=\"async\" width=\"800\" height=\"450\" class=\"wp-image-4807\" src=\"http:\/\/www.golfdorval.com\/wordpress\/wp-content\/uploads\/2019\/10\/gif-contactez-nous.gif\" alt=\"\" \/>\r\n<figcaption><strong>Bienvenue au Golf Dorval<\/strong><\/figcaption>\r\n<\/figure>\r\n<\/div>\r\n\r\n\r\n\r\n<p class=\"has-text-color has-background has-medium-font-size has-very-light-gray-color has-very-dark-gray-background-color\"><strong>Golf Dorval<\/strong><\/p>\r\n\r\n\r\n\r\n<p class=\"has-text-color has-background has-very-light-gray-color has-very-dark-gray-background-color\"><strong>2000 Avenue Reverchon,<\/strong><\/p>\r\n\r\n\r\n\r\n<p class=\"has-text-color has-background has-very-light-gray-color has-very-dark-gray-background-color\"><strong>Dorval (<\/strong><strong>Qc<\/strong><strong>) H9P 2S7<\/strong><\/p>\r\n\r\n\r\n\r\n<p class=\"has-text-color has-background has-very-light-gray-color has-very-dark-gray-background-color\"><strong>T\u00e9l<\/strong><strong>.:<\/strong><strong>(514) 631-6624\u00a0\u00a0\u00a0\u00a0<\/strong><\/p>\r\n\r\n\r\n\r\n<p class=\"has-text-color has-background has-very-light-gray-color has-very-dark-gray-background-color\"><strong>Fax: (514) 631-2447<\/strong><\/p>\r\n\r\n\r\n\r\n<p class=\"has-text-color has-medium-font-size has-vivid-red-color\" style=\"text-align: center;\"><strong>Courriel g\u00e9n\u00e9ral:<\/strong><strong> <a href=\"mailto:info@golfdorval.com\">info@golfdorval.com<\/a><\/strong><\/p>\r\n\r\n\r\n<hr class=\"wp-block-separator\" \/>\r\n\r\n\r\n<p class=\"has-text-color has-background has-medium-font-size has-very-light-gray-color has-very-dark-gray-background-color\" style=\"text-align: left;\"><strong>Directeur des op\u00e9rations : Jean-Guy C\u00f4t\u00e9\u00a0\u00a0\u00a0\u00a0\u00a0\u00a0\u00a0\u00a0\u00a0\u00a0\u00a0\u00a0\u00a0\u00a0\u00a0\u00a0 <\/strong><\/p>\r\n\r\n\r\n\r\n<p class=\"has-text-color has-background has-medium-font-size has-very-light-gray-color has-very-dark-gray-background-color\" style=\"text-align: left;\"><strong>T\u00e9l: 514-631-6624 poste 2222<\/strong><\/p>\r\n\r\n\r\n\r\n<p class=\"has-text-color has-background has-medium-font-size has-luminous-vivid-amber-color has-very-dark-gray-background-color\" style=\"text-align: left;\"><strong>Courriel:<\/strong> <a href=\"mailto:jg.cote@golfdorval.com\"><strong>jg.cote@golfdorval.com<\/strong><\/a><\/p>\r\n\r\n\r\n<hr class=\"wp-block-separator\" \/>\r\n\r\n\r\n<p class=\"has-text-color has-background has-medium-font-size has-very-light-gray-color has-very-dark-gray-background-color\" style=\"text-align: left;\"><strong>Surintendant: Conrad Guerra\u00a0\u00a0\u00a0\u00a0\u00a0\u00a0\u00a0\u00a0\u00a0\u00a0\u00a0\u00a0\u00a0\u00a0\u00a0\u00a0 <\/strong><\/p>\r\n\r\n\r\n\r\n<p class=\"has-text-color has-background has-medium-font-size has-very-light-gray-color has-very-dark-gray-background-color\" style=\"text-align: left;\"><strong>T\u00e9l: 514-631-6624 poste 2240\u00a0\u00a0\u00a0\u00a0 <\/strong><\/p>\r\n\r\n\r\n\r\n<p class=\"has-text-color has-background has-medium-font-size has-luminous-vivid-amber-color has-very-dark-gray-background-color\" style=\"text-align: left;\"><strong>courriel:<\/strong><strong> <a href=\"mailto:c.guerra@golfdorval.com\">c.guerra@golfdorval.com<\/a><\/strong><\/p>\r\n\r\n\r\n<hr class=\"wp-block-separator\" \/>\r\n\r\n\r\n<p class=\"has-text-color has-background has-medium-font-size has-very-light-gray-color has-very-dark-gray-background-color\" style=\"text-align: left;\"><strong>R\u00e9servations de tournois: C\u00e9cile St-Georges\u00a0\u00a0\u00a0\u00a0\u00a0\u00a0\u00a0\u00a0\u00a0\u00a0\u00a0\u00a0 <\/strong><\/p>\r\n\r\n\r\n\r\n<p class=\"has-text-color has-background has-very-light-gray-color has-very-dark-gray-background-color\" style=\"text-align: left;\"><strong>T\u00e9l: 514-631-6624 poste 2227\u00a0\u00a0\u00a0\u00a0 <\/strong><\/p>\r\n\r\n\r\n\r\n<p class=\"has-text-color has-background has-medium-font-size has-luminous-vivid-amber-color has-very-dark-gray-background-color\" style=\"text-align: left;\"><strong>courriel: <a href=\"mailto:c.st-georges@golfdorval.com\">c.st-georges@golfdorval.com<\/a><\/strong><\/p>\r\n\r\n\r\n<hr class=\"wp-block-separator\" \/>\r\n\r\n\r\n<p class=\"has-text-color has-background has-medium-font-size has-very-light-gray-color has-very-dark-gray-background-color\" style=\"text-align: left;\"><strong>Directeur de la restauration Charles Bowman\u00a0\u00a0\u00a0\u00a0\u00a0\u00a0 <\/strong><\/p>\r\n\r\n\r\n\r\n<p class=\"has-text-color has-background has-medium-font-size has-very-light-gray-color has-very-dark-gray-background-color\" style=\"text-align: left;\"><strong>T\u00e9l: 514-266-8338 \u00a0 \u00a0 \u00a0 <\/strong><\/p>\r\n\r\n\r\n\r\n<p class=\"has-text-color has-background has-medium-font-size has-luminous-vivid-amber-color has-very-dark-gray-background-color\" style=\"text-align: left;\"><strong>courriel: <a href=\"mailto:chucksfood@gmail.com\">chucksfood@gmail.com<\/a><\/strong><\/p>\r\n\r\n\r\n<hr class=\"wp-block-separator\" \/>\r\n\r\n\r\n<p class=\"has-text-color has-background has-medium-font-size has-very-light-gray-color has-very-dark-gray-background-color\" style=\"text-align: left;\"><strong>Professionnel: Bruce Eaves\u00a0\u00a0\u00a0\u00a0\u00a0\u00a0\u00a0\u00a0\u00a0\u00a0\u00a0\u00a0\u00a0\u00a0\u00a0\u00a0\u00a0\u00a0\u00a0\u00a0\u00a0\u00a0 <\/strong><\/p>\r\n\r\n\r\n\r\n<p class=\"has-text-color has-background has-medium-font-size has-very-light-gray-color has-very-dark-gray-background-color\" style=\"text-align: left;\"><strong>T\u00e9l: 514-409-0072 \u00a0 \u00a0 \u00a0 \u00a0 \u00a0 \u00a0 \u00a0 \u00a0 \u00a0 \u00a0 \u00a0 \u00a0 \u00a0 <\/strong><\/p>\r\n\r\n\r\n\r\n<p class=\"has-text-color has-background has-medium-font-size has-luminous-vivid-amber-color has-very-dark-gray-background-color\" style=\"text-align: left;\"><strong>courriel:\u00a0<a href=\"mailto:beaves@sympatico.ca\">beaves@sympatico.ca<\/a><\/strong><\/p>\r\n\r\n\r\n<hr class=\"wp-block-separator\" \/>\r\n\r\n\r\n<p class=\"has-text-color has-background has-medium-font-size has-very-light-gray-color has-very-dark-gray-background-color\" style=\"text-align: left;\"><strong>Professionnel Verna Glaude\u00a0\u00a0\u00a0\u00a0\u00a0\u00a0\u00a0\u00a0\u00a0\u00a0\u00a0\u00a0\u00a0\u00a0\u00a0\u00a0\u00a0\u00a0\u00a0 <\/strong><\/p>\r\n\r\n\r\n\r\n<p class=\"has-text-color has-background has-medium-font-size has-very-light-gray-color has-very-dark-gray-background-color\" style=\"text-align: left;\"><strong>T\u00e9l: 514-994-3736 \u00a0 \u00a0 \u00a0 \u00a0 \u00a0 \u00a0 \u00a0 \u00a0 \u00a0 \u00a0 \u00a0 \u00a0 \u00a0 \u00a0<\/strong><\/p>\r\n\r\n\r\n\r\n<p class=\"has-text-color has-background has-medium-font-size has-luminous-vivid-amber-color has-very-dark-gray-background-color\" style=\"text-align: left;\"><strong>courriel: <a href=\"mailto:vernagolf@gmail.com\">vernagolf@gmail.com<\/a><\/strong><\/p>\r\n\r\n\r\n<hr class=\"wp-block-separator\" \/>\r\n\r\n\r\n<p class=\"has-text-color has-background has-medium-font-size has-very-light-gray-color has-very-dark-gray-background-color\" style=\"text-align: left;\"><strong>Instructeur certifi\u00e9 Roger Allard\u00a0 <\/strong><\/p>\r\n\r\n\r\n\r\n<p class=\"has-text-color has-background has-medium-font-size has-very-light-gray-color has-very-dark-gray-background-color\" style=\"text-align: left;\"><strong>T\u00e9l: 514-567-4697 \u00a0 \u00a0 \u00a0 \u00a0 \u00a0 \u00a0 \u00a0 \u00a0 \u00a0 \u00a0 \u00a0 <\/strong><\/p>\r\n\r\n\r\n\r\n<p class=\"has-text-color has-background has-medium-font-size has-luminous-vivid-amber-color has-very-dark-gray-background-color\" style=\"text-align: left;\"><strong>courriel: <a href=\"mailto:allardpar4@outlook.com\">allardpar4@outlook.com<\/a><\/strong><\/p>\r\n\r\n\r\n<hr class=\"wp-block-separator\" \/>\r\n\r\n\r\n<p class=\"has-text-color has-background has-medium-font-size has-very-light-gray-color has-very-dark-gray-background-color\" style=\"text-align: left;\"><strong>Nos partenaires:<\/strong><\/p>\r\n\r\n\r\n\r\n<p class=\"has-text-color has-background has-medium-font-size has-luminous-vivid-amber-color has-very-dark-gray-background-color\" style=\"text-align: left;\"><strong>Pour trouver de\u00a0<a href=\"http:\/\/www.hotelscombined.ca\/Place\/Golf_Dorval.htm\" target=\"_blank\" rel=\"noreferrer noopener\">l&#8217;h\u00e9bergement \u00e0 Dorval<\/a><a href=\"http:\/\/www.hotelscombined.ca\/Place\/Dorval.htm\" target=\"_blank\" rel=\"noreferrer noopener\">\u00a0<\/a>visitez HotelsCombined (Cliquez sur le widget ci-dessous)<\/strong><\/p>\r\n\r\n\r\n\r\n<div class=\"wp-block-image\">\r\n<figure class=\"aligncenter is-resized\"><a href=\"https:\/\/www.hotelscombined.ca\/Place\/Golf_Dorval.htm\" target=\"_blank\" rel=\"noreferrer noopener\"><img loading=\"lazy\" decoding=\"async\" class=\"wp-image-4867\" src=\"http:\/\/www.golfdorval.com\/wordpress\/wp-content\/uploads\/2019\/10\/2019-10-04_09-59-48-5.png\" alt=\"\" width=\"300\" height=\"100\" \/><\/a><\/figure>\r\n<\/div>\r\n","protected":false},"excerpt":{"rendered":"<p>Golf Dorval 2000 Avenue Reverchon, Dorval (Qc) H9P 2S7 T\u00e9l.:(514) 631-6624\u00a0\u00a0\u00a0\u00a0 Fax: (514) 631-2447 Courriel g\u00e9n\u00e9ral: info@golfdorval.com Directeur des op\u00e9rations : Jean-Guy C\u00f4t\u00e9\u00a0\u00a0\u00a0\u00a0\u00a0\u00a0\u00a0\u00a0\u00a0\u00a0\u00a0\u00a0\u00a0\u00a0\u00a0\u00a0 T\u00e9l: 514-631-6624 poste 2222 Courriel: jg.cote@golfdorval.com Surintendant: [&hellip;]<\/p>\n","protected":false},"author":1,"featured_media":0,"parent":0,"menu_order":0,"comment_status":"closed","ping_status":"closed","template":"","meta":{"_monsterinsights_skip_tracking":false,"_monsterinsights_sitenote_active":false,"_monsterinsights_sitenote_note":"","_monsterinsights_sitenote_category":0,"footnotes":""},"aioseo_notices":[],"_links":{"self":[{"href":"http:\/\/golfdorval.com\/wordpress\/wp-json\/wp\/v2\/pages\/364"}],"collection":[{"href":"http:\/\/golfdorval.com\/wordpress\/wp-json\/wp\/v2\/pages"}],"about":[{"href":"http:\/\/golfdorval.com\/wordpress\/wp-json\/wp\/v2\/types\/page"}],"author":[{"embeddable":true,"href":"http:\/\/golfdorval.com\/wordpress\/wp-json\/wp\/v2\/users\/1"}],"replies":[{"embeddable":true,"href":"http:\/\/golfdorval.com\/wordpress\/wp-json\/wp\/v2\/comments?post=364"}],"version-history":[{"count":42,"href":"http:\/\/golfdorval.com\/wordpress\/wp-json\/wp\/v2\/pages\/364\/revisions"}],"predecessor-version":[{"id":9651,"href":"http:\/\/golfdorval.com\/wordpress\/wp-json\/wp\/v2\/pages\/364\/revisions\/9651"}],"wp:attachment":[{"href":"http:\/\/golfdorval.com\/wordpress\/wp-json\/wp\/v2\/media?parent=364"}],"curies":[{"name":"wp","href":"https:\/\/api.w.org\/{rel}","templated":true}]}}