{"id":421,"date":"2016-02-13T22:09:28","date_gmt":"2016-02-14T03:09:28","guid":{"rendered":"http:\/\/127.0.0.1\/wordpress\/?page_id=421"},"modified":"2025-07-16T14:37:35","modified_gmt":"2025-07-16T18:37:35","slug":"lecons-de-golf","status":"publish","type":"page","link":"http:\/\/golfdorval.com\/wordpress\/fr\/lecons-de-golf\/","title":{"rendered":"Le\u00e7ons de golf"},"content":{"rendered":"\r\n<figure class=\"wp-block-gallery aligncenter columns-2 is-cropped wp-block-gallery-1\">\r\n<figure><img loading=\"lazy\" decoding=\"async\" class=\"alignleft wp-image-4299\" src=\"http:\/\/www.golfdorval.com\/wordpress\/wp-content\/uploads\/2019\/05\/Sans-titre-2.png\" alt=\"\" width=\"250\" height=\"300\" data-id=\"4299\" data-full-url=\"http:\/\/www.golfdorval.com\/wordpress\/wp-content\/uploads\/2019\/05\/Sans-titre-2.png\" data-link=\"http:\/\/www.golfdorval.com\/wordpress\/fr\/lecons-de-golf\/sans-titre-2-5\/\" \/><img loading=\"lazy\" decoding=\"async\" class=\"wp-image-9765  alignleft\" src=\"http:\/\/www.golfdorval.com\/wordpress\/wp-content\/uploads\/2025\/05\/PGA-of-Canada-350-x-350-px-350-x-350-px-1-2.png\" alt=\"\" width=\"315\" height=\"315\" srcset=\"http:\/\/golfdorval.com\/wordpress\/wp-content\/uploads\/2025\/05\/PGA-of-Canada-350-x-350-px-350-x-350-px-1-2.png 350w, http:\/\/golfdorval.com\/wordpress\/wp-content\/uploads\/2025\/05\/PGA-of-Canada-350-x-350-px-350-x-350-px-1-2-300x300.png 300w, http:\/\/golfdorval.com\/wordpress\/wp-content\/uploads\/2025\/05\/PGA-of-Canada-350-x-350-px-350-x-350-px-1-2-150x150.png 150w\" sizes=\"(max-width: 315px) 100vw, 315px\" \/><\/figure>\r\n<p><img loading=\"lazy\" decoding=\"async\" class=\"wp-image-4301 alignleft\" src=\"http:\/\/www.golfdorval.com\/wordpress\/wp-content\/uploads\/2019\/05\/Roger-Allard.png\" alt=\"\" width=\"250\" height=\"300\" \/><\/p>\r\n<\/figure>\r\n<p><img loading=\"lazy\" decoding=\"async\" class=\"size-full wp-image-9766 alignleft\" src=\"http:\/\/www.golfdorval.com\/wordpress\/wp-content\/uploads\/2025\/05\/mark-Correa-1.jpg\" alt=\"\" width=\"274\" height=\"320\" srcset=\"http:\/\/golfdorval.com\/wordpress\/wp-content\/uploads\/2025\/05\/mark-Correa-1.jpg 274w, http:\/\/golfdorval.com\/wordpress\/wp-content\/uploads\/2025\/05\/mark-Correa-1-257x300.jpg 257w\" sizes=\"(max-width: 274px) 100vw, 274px\" \/><\/p>\r\n<p><img loading=\"lazy\" decoding=\"async\" class=\"size-full wp-image-9828 alignleft\" src=\"http:\/\/www.golfdorval.com\/wordpress\/wp-content\/uploads\/2025\/06\/James-Dean.png\" alt=\"\" width=\"268\" height=\"320\" srcset=\"http:\/\/golfdorval.com\/wordpress\/wp-content\/uploads\/2025\/06\/James-Dean.png 268w, http:\/\/golfdorval.com\/wordpress\/wp-content\/uploads\/2025\/06\/James-Dean-251x300.png 251w\" sizes=\"(max-width: 268px) 100vw, 268px\" \/><\/p>\r\n<h2>\u00a0<\/h2>\r\n<h2>\u00a0<\/h2>\r\n<h2>\u00a0<\/h2>\r\n<h2>\u00a0<\/h2>\r\n<h2>\u00a0<\/h2>\r\n<h2>\u00a0<\/h2>\r\n<h2>\u00a0<\/h2>\r\n<h2>\u00a0<\/h2>\r\n<h2>\u00a0<\/h2>\r\n<h2>\u00a0<\/h2>\r\n<h2>\u00a0<\/h2>\r\n<h2>\u00a0<\/h2>\r\n<h2 class=\"has-text-color has-text-align-center\" style=\"color: #04613f; text-align: center;\">Saison 2025<\/h2>\r\n<h3><span style=\"color: #008000;\">Nos professionnel(les) se feront un plaisir de vous apprendre l&#8217;A.B.C. du golf, ou pourront vous aider \u00e0 perfectionner votre \u00e9lan, v<\/span><span style=\"color: #008000;\">os coups d&#8217;approche, vos coups roul\u00e9s, ou autres. Des le\u00e7ons individuelles ou en groupes, ainsi que des cliniques et des camps juniors, v<\/span><span style=\"color: #008000;\">ous sont offerts durant la saison estivale. Pour de plus amples informations, vous pouvez joindre: <strong><span style=\"color: #ff0000;\">Bruce\u00a0 ou Roger ou Conrad ou Marc ou James Dean (voir les informations sur cette page)<\/span><\/strong><\/span><\/h3>\r\n<h1 style=\"text-align: center;\"><span style=\"color: #008000;\">Bruce Eaves\u00a0 au (514) 409-0072\u00a0\u00a0<\/span><\/h1>\r\n<h1 style=\"text-align: center;\"><span style=\"color: #008000;\"><a href=\"mailto:beaves@sympatico.ca\">beaves@sympatico.ca<\/a><\/span><\/h1>\r\n<h1><img loading=\"lazy\" decoding=\"async\" class=\"size-full wp-image-4299 aligncenter\" src=\"http:\/\/www.golfdorval.com\/wordpress\/wp-content\/uploads\/2019\/05\/Sans-titre-2.png\" alt=\"\" width=\"250\" height=\"300\" \/><\/h1>\r\n<h1 style=\"text-align: center;\"><span style=\"color: #008000;\">Marc Correa<\/span><\/h1>\r\n<h2 style=\"text-align: center;\"><span style=\"color: #008000;\"><strong>514-774-6275<\/strong><\/span><\/h2>\r\n<h2 style=\"text-align: center;\"><a href=\"mailto:markc6718@gmail.com\">markc6718@gmail.com<\/a><\/h2>\r\n<h1><img loading=\"lazy\" decoding=\"async\" class=\"aligncenter size-full wp-image-9766\" src=\"http:\/\/www.golfdorval.com\/wordpress\/wp-content\/uploads\/2025\/05\/mark-Correa-1.jpg\" alt=\"\" width=\"274\" height=\"320\" srcset=\"http:\/\/golfdorval.com\/wordpress\/wp-content\/uploads\/2025\/05\/mark-Correa-1.jpg 274w, http:\/\/golfdorval.com\/wordpress\/wp-content\/uploads\/2025\/05\/mark-Correa-1-257x300.jpg 257w\" sizes=\"(max-width: 274px) 100vw, 274px\" \/><\/h1>\r\n<p>&nbsp;<\/p>\r\n<h1 style=\"text-align: center;\"><span style=\"color: #008000;\">James Dean Laderoute<\/span><\/h1>\r\n<h2 style=\"text-align: center;\"><span style=\"color: #008000;\"><strong>514-816-3454<\/strong><\/span><\/h2>\r\n<h2 style=\"text-align: center;\"><a href=\"jamesdeanladeroute@gmail.com\">jamesdeanladeroute@gmail.com<\/a><\/h2>\r\n<p>&nbsp;<\/p>\r\n<p><img loading=\"lazy\" decoding=\"async\" class=\"aligncenter size-full wp-image-9828\" src=\"http:\/\/www.golfdorval.com\/wordpress\/wp-content\/uploads\/2025\/06\/James-Dean.png\" alt=\"\" width=\"268\" height=\"320\" srcset=\"http:\/\/golfdorval.com\/wordpress\/wp-content\/uploads\/2025\/06\/James-Dean.png 268w, http:\/\/golfdorval.com\/wordpress\/wp-content\/uploads\/2025\/06\/James-Dean-251x300.png 251w\" sizes=\"(max-width: 268px) 100vw, 268px\" \/><\/p>\r\n<p>&nbsp;<\/p>\r\n<h2>\u00a0<\/h2>\r\n<h1 style=\"text-align: center;\"><span style=\"color: #008000;\">\u00a0<span style=\"color: #0000ff;\">(<a style=\"color: #0000ff;\" href=\"http:\/\/www.bruceeavesgolflessons.com\/\" target=\"_blank\" rel=\"noopener noreferrer\">www.bruceeavesgolflessons.com<\/a> )<\/span><\/span><\/h1>\r\n<p style=\"text-align: center;\"><strong>Cours Priv\u00e9 (Bruce, Marc et James Dean)<\/strong><\/p>\r\n<p class=\"has-background has-pale-cyan-blue-background-color\" style=\"text-align: center;\"><span style=\"color: #000000;\"><strong>30 min &#8230;&#8230;&#8230;&#8230;&#8230;&#8230;&#8230;&#8230;&#8230;&#8230;&#8230;&#8230;&#8230;&#8230;&#8230;&#8230;&#8230;&#8230;.. 65$<\/strong><\/span><\/p>\r\n<p class=\"has-background has-pale-cyan-blue-background-color\" style=\"text-align: center;\"><span style=\"color: #000000;\"><strong>50 min &#8230;&#8230;&#8230;&#8230;&#8230;&#8230;&#8230;&#8230;&#8230;&#8230;&#8230;&#8230;&#8230;&#8230;&#8230;&#8230;&#8230;&#8230;.. 100$<\/strong><\/span><\/p>\r\n<p class=\"has-background has-pale-cyan-blue-background-color\" style=\"text-align: center;\"><span style=\"color: #000000;\"><strong>50 min &#8230;personne additionnelle&#8230;&#8230;&#8230;&#8230;&#8230;&#8230;.20$<\/strong><\/span><\/p>\r\n<p class=\"has-background has-pale-cyan-blue-background-color\" style=\"text-align: center;\"><span style=\"color: #000000;\"><strong>3 x 50 min &#8230;&#8230;&#8230;&#8230;&#8230;&#8230;&#8230;&#8230;&#8230;&#8230;&#8230;&#8230;&#8230;&#8230;&#8230;&#8230; 275$<\/strong><\/span><\/p>\r\n<p class=\"has-background has-pale-cyan-blue-background-color\" style=\"text-align: center;\"><span style=\"color: #000000;\"><strong>5x 50 min&#8230;&#8230;&#8230;&#8230;&#8230;&#8230;&#8230;&#8230;&#8230;&#8230;&#8230;&#8230;&#8230;&#8230;&#8230;&#8230;..450$<\/strong><\/span><\/p>\r\n<p style=\"text-align: center;\">=================================================<\/p>\r\n<blockquote>\r\n<h2 style=\"text-align: center;\"><span style=\"color: #ff0000;\">D\u00e9butant-Novice le\u00e7ons de golf de groupe<\/span><\/h2>\r\n<h2 style=\"text-align: center;\"><span style=\"color: #ff0000;\"><strong>(5 \u00e0 8 personnes)<\/strong><\/span><\/h2>\r\n<p style=\"text-align: center;\"><strong><span style=\"color: #ff0000;\">Cette le\u00e7on de groupe est pour les d\u00e9butants\/ novices\u00a0 ou pour les personnes qui ont d\u00e9j\u00e0 jou\u00e9es un peu au golf\u00a0 et qui veulent cr\u00e9er une base solide \u00e0 leurs parties de golf.\u00a0<\/span><\/strong><\/p>\r\n<p style=\"text-align: center;\"><strong><span style=\"color: #ff0000;\"><span style=\"color: #0000ff;\">Les jours de la semaine<\/span><\/span><span style=\"color: #ff0000;\">\u00a0 \u00e0 17h30 au champ de pratique du\u00a0 Golf Dorval. Le co\u00fbt est de $185\/par personne\u00a0 avec un maximum de 8 personnes.<\/span><\/strong><\/p>\r\n<p style=\"text-align: center;\"><strong><span style=\"color: #ff0000;\">Aussi les <span style=\"color: #0000ff;\">samedis<\/span> \u00e0 11h00<\/span><\/strong><\/p>\r\n<p style=\"text-align: center;\"><strong><span style=\"color: #ff0000;\">La le\u00e7on est d&#8217;un total de 6 heures,\u00a0 1.5hrs. <\/span><span style=\"color: #ff0000;\"><span style=\"color: #ff0000;\">\u00a0pour\u00a0 4 semaines. Nous travaillons sur la base, ou sur tout ce qui a besoin d&#8217;\u00eatre am\u00e9lior\u00e9e sur votre \u00e9lan,\u00a0 incluant le\u00a0 jeu court.\u00a0 Venez joindre le groupe !!!<\/span><\/span><\/strong><\/p>\r\n<p style=\"text-align: center;\"><strong><span style=\"color: #ff0000;\">**** R\u00e9servez avec Bruce au 514-409-0072 ou<\/span><\/strong><\/p>\r\n<h1 style=\"text-align: center;\"><span style=\"color: #008000;\"><a href=\"mailto:beaves@sympatico.ca\">beaves@sympatico.ca<\/a><\/span><\/h1>\r\n<\/blockquote>\r\n<p style=\"text-align: center;\">=================================================<\/p>\r\n<blockquote>\r\n<h3 style=\"text-align: center;\"><strong>\u00a0<\/strong><\/h3>\r\n<\/blockquote>\r\n<p style=\"text-align: center;\">&#8230;&#8230;&#8230;&#8230;&#8230;&#8230;&#8230;&#8230;&#8230;&#8230;&#8230;&#8230;&#8230;&#8230;&#8230;&#8230;&#8230;&#8230;&#8230;&#8230;&#8230;&#8230;&#8230;&#8230;&#8230;&#8230;&#8230;&#8230;&#8230;&#8230;&#8230;&#8230;&#8230;&#8230;&#8230;&#8230;&#8230;&#8230;&#8230;&#8230;&#8230;&#8230;&#8230;&#8230;&#8230;&#8230;&#8230;&#8230;&#8230;&#8230;.<\/p>\r\n<h1>\u00a0<\/h1>\r\n<p>&nbsp;<\/p>\r\n<h1 style=\"text-align: center;\"><span style=\"color: #008000;\">Roger Allard au (514) 567-4697 \u00a0 \u00a0 \u00a0<\/span><\/h1>\r\n<h1><img loading=\"lazy\" decoding=\"async\" class=\"aligncenter size-full wp-image-4301 is-layout-flex wp-block-gallery-is-layout-flex\" src=\"http:\/\/www.golfdorval.com\/wordpress\/wp-content\/uploads\/2019\/05\/Roger-Allard.png\" alt=\"\" width=\"250\" height=\"300\" \/><\/h1>\r\n<h1 style=\"text-align: center;\"><span style=\"color: #008000;\"><span style=\"color: #0000ff;\"><a href=\"mailto:allardpar4@outlook.com\">allardpar4@outlook.com<\/a><\/span><\/span><\/h1>\r\n<h2>\u00a0<\/h2>\r\n<h2><\/h2>\r\n<pre class=\"wp-block-preformatted\">\u00a0<\/pre>\r\n<h2>\r\n\r\n<\/h2>\r\n<p class=\"has-text-color has-background has-text-align-center has-medium-font-size has-very-dark-gray-color has-pale-cyan-blue-background-color\" style=\"text-align: center;\"><strong>Cours Priv\u00e9<\/strong><\/p>\r\n<h2>\r\n\r\n<\/h2>\r\n<p class=\"has-text-color has-background has-very-dark-gray-color has-pale-cyan-blue-background-color\" style=\"text-align: center;\"><strong>Mardi\u00a0 \u00a0 \u00a0 \u00a0 \u00a0 \u00a09h00 \u00e0 16h00<\/strong><\/p>\r\n<h2>\r\n\r\n<\/h2>\r\n<p class=\"has-background has-pale-cyan-blue-background-color\" style=\"text-align: center;\"><span style=\"color: #000000;\"><strong>Mercredi\u00a0 \u00a0 \u00a09h00 \u00e0 16h00<\/strong><\/span><\/p>\r\n<p class=\"has-background has-pale-cyan-blue-background-color\" style=\"text-align: center;\"><span style=\"color: #000000;\"><strong>Samedi\u00a0 \u00a0 \u00a0 \u00a08h00 \u00e0 12h00<\/strong><\/span><\/p>\r\n<h2>\r\n\r\n\r\n\r\n<\/h2>\r\n<p class=\"has-background has-pale-cyan-blue-background-color\" style=\"text-align: center;\"><span style=\"color: #000000;\"><strong>30 min &#8230;&#8230;&#8230;&#8230;&#8230;&#8230;&#8230;&#8230;&#8230;&#8230;&#8230;&#8230;&#8230;&#8230;&#8230;&#8230;&#8230;&#8230;.. 55$<\/strong><\/span><\/p>\r\n<h2>\r\n\r\n<\/h2>\r\n<p class=\"has-background has-pale-cyan-blue-background-color\" style=\"text-align: center;\"><span style=\"color: #000000;\"><strong>45 min &#8230;&#8230;&#8230;&#8230;&#8230;&#8230;&#8230;&#8230;&#8230;&#8230;&#8230;&#8230;&#8230;&#8230;&#8230;&#8230;&#8230;&#8230;.. 75$<\/strong><\/span><\/p>\r\n<h2>\r\n\r\n<\/h2>\r\n<p class=\"has-background has-pale-cyan-blue-background-color\" style=\"text-align: center;\"><span style=\"color: #000000;\"><strong>60 min &#8230;&#8230;&#8230;&#8230;&#8230;&#8230;&#8230;&#8230;&#8230;&#8230;&#8230;&#8230;&#8230;&#8230;&#8230;&#8230;&#8230;&#8230;.100$<\/strong><\/span><\/p>\r\n<h2>\r\n\r\n<\/h2>\r\n<p class=\"has-background has-pale-cyan-blue-background-color\" style=\"text-align: center;\"><span style=\"color: #000000;\"><strong>3 x 30 min &#8230;&#8230;&#8230;&#8230;&#8230;&#8230;&#8230;&#8230;&#8230;&#8230;&#8230;&#8230;&#8230;&#8230;&#8230;&#8230; 150$<\/strong><\/span><\/p>\r\n<h2>\r\n\r\n<\/h2>\r\n<p class=\"has-background has-pale-cyan-blue-background-color\" style=\"text-align: center;\"><span style=\"color: #000000;\"><strong>4x 45 min&#8230;&#8230;&#8230;&#8230;&#8230;&#8230;&#8230;&#8230;&#8230;&#8230;&#8230;&#8230;&#8230;&#8230;&#8230;&#8230;..300$<\/strong><\/span><\/p>\r\n<h2>\r\n\r\n<\/h2>\r\n<p class=\"has-background has-pale-cyan-blue-background-color\" style=\"text-align: center;\"><span style=\"color: #000000;\"><strong>3 x 60 min &#8230;&#8230;&#8230;&#8230;&#8230;&#8230;&#8230;&#8230;&#8230;&#8230;&#8230;&#8230;&#8230;&#8230;&#8230;&#8230;300$<\/strong><\/span><\/p>\r\n<h2>\r\n\r\n<\/h2>\r\n<p class=\"has-background has-pale-cyan-blue-background-color\" style=\"text-align: center;\"><span style=\"color: #000000;\"><strong>2 personnes ou plus 5 x 60 min &#8230;&#8230;&#8230;250$ chaque<\/strong><\/span><\/p>\r\n<p>&nbsp;<\/p>\r\n<p>&nbsp;<\/p>\r\n<p><img loading=\"lazy\" decoding=\"async\" class=\"aligncenter size-full wp-image-9765\" src=\"http:\/\/www.golfdorval.com\/wordpress\/wp-content\/uploads\/2025\/05\/PGA-of-Canada-350-x-350-px-350-x-350-px-1-2.png\" alt=\"\" width=\"350\" height=\"350\" srcset=\"http:\/\/golfdorval.com\/wordpress\/wp-content\/uploads\/2025\/05\/PGA-of-Canada-350-x-350-px-350-x-350-px-1-2.png 350w, http:\/\/golfdorval.com\/wordpress\/wp-content\/uploads\/2025\/05\/PGA-of-Canada-350-x-350-px-350-x-350-px-1-2-300x300.png 300w, http:\/\/golfdorval.com\/wordpress\/wp-content\/uploads\/2025\/05\/PGA-of-Canada-350-x-350-px-350-x-350-px-1-2-150x150.png 150w\" sizes=\"(max-width: 350px) 100vw, 350px\" \/><\/p>\r\n<p>&nbsp;<\/p>\r\n<h1 style=\"text-align: center;\"><span style=\"color: #008000;\"><strong>Conrad Crawford at\u00a0<\/strong><\/span><\/h1>\r\n<h1 style=\"text-align: center;\"><span style=\"color: #008000;\"><strong>(438) 876-8091<\/strong><\/span><\/h1>\r\n<h1 style=\"text-align: center;\"><a href=\"mailto:golfwithconrad@gmail.com\">golfwithconrad@gmail.com<\/a><\/h1>\r\n<p style=\"text-align: center;\"><strong>Cours Priv\u00e9<\/strong><\/p>\r\n<p class=\"has-background has-pale-cyan-blue-background-color\" style=\"text-align: center;\"><span style=\"color: #000000;\"><strong>30 min &#8230;&#8230;&#8230;&#8230;&#8230;&#8230;&#8230;&#8230;&#8230;&#8230;&#8230;&#8230;&#8230;&#8230;&#8230;&#8230;&#8230;&#8230;.. 65$<\/strong><\/span><\/p>\r\n<p>\r\n\r\n<\/p>\r\n<p class=\"has-background has-pale-cyan-blue-background-color\" style=\"text-align: center;\"><span style=\"color: #000000;\"><strong>50 min &#8230;&#8230;&#8230;&#8230;&#8230;&#8230;&#8230;&#8230;&#8230;&#8230;&#8230;&#8230;&#8230;&#8230;&#8230;&#8230;&#8230;&#8230;.. 100$<\/strong><\/span><\/p>\r\n<p>\r\n\r\n<\/p>\r\n<p class=\"has-background has-pale-cyan-blue-background-color\" style=\"text-align: center;\"><span style=\"color: #000000;\"><strong>50 min &#8230;personne additionnelle&#8230;&#8230;&#8230;&#8230;&#8230;&#8230;.20$<\/strong><\/span><\/p>\r\n<p>\r\n\r\n<\/p>\r\n<p class=\"has-background has-pale-cyan-blue-background-color\" style=\"text-align: center;\"><span style=\"color: #000000;\"><strong>3 x 50 min &#8230;&#8230;&#8230;&#8230;&#8230;&#8230;&#8230;&#8230;&#8230;&#8230;&#8230;&#8230;&#8230;&#8230;&#8230;&#8230; 275$<\/strong><\/span><\/p>\r\n<p>\r\n\r\n<\/p>\r\n<p class=\"has-background has-pale-cyan-blue-background-color\" style=\"text-align: center;\"><span style=\"color: #000000;\"><strong>5x 50 min&#8230;&#8230;&#8230;&#8230;&#8230;&#8230;&#8230;&#8230;&#8230;&#8230;&#8230;&#8230;&#8230;&#8230;&#8230;&#8230;..450$<\/strong><\/span><\/p>\r\n<p style=\"text-align: center;\">\u00a0<\/p>\r\n<p>&nbsp;<\/p>\r\n<h2><\/h2>","protected":false},"excerpt":{"rendered":"","protected":false},"author":1,"featured_media":0,"parent":0,"menu_order":0,"comment_status":"closed","ping_status":"closed","template":"","meta":{"_monsterinsights_skip_tracking":false,"_monsterinsights_sitenote_active":false,"_monsterinsights_sitenote_note":"","_monsterinsights_sitenote_category":0,"footnotes":""},"aioseo_notices":[],"_links":{"self":[{"href":"http:\/\/golfdorval.com\/wordpress\/wp-json\/wp\/v2\/pages\/421"}],"collection":[{"href":"http:\/\/golfdorval.com\/wordpress\/wp-json\/wp\/v2\/pages"}],"about":[{"href":"http:\/\/golfdorval.com\/wordpress\/wp-json\/wp\/v2\/types\/page"}],"author":[{"embeddable":true,"href":"http:\/\/golfdorval.com\/wordpress\/wp-json\/wp\/v2\/users\/1"}],"replies":[{"embeddable":true,"href":"http:\/\/golfdorval.com\/wordpress\/wp-json\/wp\/v2\/comments?post=421"}],"version-history":[{"count":143,"href":"http:\/\/golfdorval.com\/wordpress\/wp-json\/wp\/v2\/pages\/421\/revisions"}],"predecessor-version":[{"id":9867,"href":"http:\/\/golfdorval.com\/wordpress\/wp-json\/wp\/v2\/pages\/421\/revisions\/9867"}],"wp:attachment":[{"href":"http:\/\/golfdorval.com\/wordpress\/wp-json\/wp\/v2\/media?parent=421"}],"curies":[{"name":"wp","href":"https:\/\/api.w.org\/{rel}","templated":true}]}}