{"id":459,"date":"2016-02-16T20:19:18","date_gmt":"2016-02-17T01:19:18","guid":{"rendered":"http:\/\/127.0.0.1\/wordpress\/?page_id=459"},"modified":"2026-01-03T15:41:07","modified_gmt":"2026-01-03T20:41:07","slug":"tarifs-2026","status":"publish","type":"page","link":"http:\/\/golfdorval.com\/wordpress\/fr\/tarifs-2026\/","title":{"rendered":"Tarifs 2026"},"content":{"rendered":"<h1 style=\"text-align: center;\">Tarifs de golf\u00a0 2026<\/h1>\r\n<h2 style=\"text-align: center;\"><span style=\"color: #008000;\"><strong>Golf Dorval est un parcours de golf public pr\u00e8s de Montr\u00e9al<\/strong><\/span><\/h2>\r\n<p><strong><span style=\"font: 24px\/normal 'Times New Roman', serif; color: #ff0000; text-transform: none; text-indent: 0px; letter-spacing: normal; word-spacing: 0px; float: none; display: inline !important; white-space: normal; widows: 1; font-size-adjust: none; font-stretch: normal; background-color: #ffffff; -webkit-text-stroke-width: 0px;\">N&#8217;oubliez pas que tous nos tarifs sont taxes incluses.<\/span><\/strong><\/p>\r\n<h2><span style=\"font-size: 24pt;\"><span style=\"color: #008000;\"><strong><span style=\"font-family: 'Monotype Corsiva';\">Tarifs\u00a0 2026<\/span><\/strong><\/span><\/span><\/h2>\r\n<h2><strong><span style=\"color: #993366;\">Golf Dorval est un parcours public, ouvert \u00e0 tous.<\/span><\/strong><\/h2>\r\n<h2>\u00a0<\/h2>\r\n<h2><strong><span style=\"color: #ff6600;\">LES TARIFS CI-DESSOUS SONT POUR LE PUBLIC<\/span><\/strong><\/h2>\r\n<h1>\n<table id=\"tablepress-3\" class=\"tablepress tablepress-id-3\">\n<thead>\n<tr class=\"row-1\">\n\t<th class=\"column-1\">TARIFS DE GOLF POUR LE PUBLIC<\/th><th class=\"column-2\">De l'ouverture au 30 avril<strong><\/th><th class=\"column-3\">1 mai au 6 sept.<\/strong><\/th><th class=\"column-4\">7 au 27 sept.<strong><\/th><th class=\"column-5\">28 sept. \u00e0 la fermeture<\/strong><\/th>\n<\/tr>\n<\/thead>\n<tbody class=\"row-striping row-hover\">\n<tr class=\"row-2\">\n\t<td class=\"column-1\">Du lundi au vendredi <\/td><td class=\"column-2\"><\/td><td class=\"column-3\"><\/td><td class=\"column-4\"><\/td><td class=\"column-5\"><\/td>\n<\/tr>\n<tr class=\"row-3\">\n\t<td class=\"column-1\">18 trous jusqu'\u00e0 8h00<\/td><td class=\"column-2\">52$<\/td><td class=\"column-3\">54$<\/td><td class=\"column-4\">52$<\/td><td class=\"column-5\">-----<\/td>\n<\/tr>\n<tr class=\"row-4\">\n\t<td class=\"column-1\">18 trous 8h00 \u00e0 13h30<\/td><td class=\"column-2\">55$<\/td><td class=\"column-3\">60$<\/td><td class=\"column-4\">55$<\/td><td class=\"column-5\">52$<\/td>\n<\/tr>\n<tr class=\"row-5\">\n\t<td class=\"column-1\">18 tous 13h30 \u00e0 15h30<\/td><td class=\"column-2\">51$<\/td><td class=\"column-3\">54$<\/td><td class=\"column-4\">51$<\/td><td class=\"column-5\">46$<\/td>\n<\/tr>\n<tr class=\"row-6\">\n\t<td class=\"column-1\">18 trous apr\u00e8s 15h30<\/td><td class=\"column-2\">42$<\/td><td class=\"column-3\">45$<\/td><td class=\"column-4\">42$<\/td><td class=\"column-5\">40$<\/td>\n<\/tr>\n<tr class=\"row-7\">\n\t<td class=\"column-1\">9 trous avant 7h00<\/td><td class=\"column-2\">----<\/td><td class=\"column-3\">26$<\/td><td class=\"column-4\">26$<\/td><td class=\"column-5\">26$<\/td>\n<\/tr>\n<tr class=\"row-8\">\n\t<td class=\"column-1\">9 trous entre 7h00 et 17h00<\/td><td class=\"column-2\">36$<\/td><td class=\"column-3\">38$<\/td><td class=\"column-4\">36$<\/td><td class=\"column-5\">34$<\/td>\n<\/tr>\n<tr class=\"row-9\">\n\t<td class=\"column-1\">9 trous apr\u00e8s 17h00<\/td><td class=\"column-2\">26$<\/td><td class=\"column-3\">26$<\/td><td class=\"column-4\">26$<\/td><td class=\"column-5\">26$<\/td>\n<\/tr>\n<tr class=\"row-10\">\n\t<td class=\"column-1\">18 trous s\u00e9nior (60 ans+)<\/td><td class=\"column-2\">48$<\/td><td class=\"column-3\">53$<\/td><td class=\"column-4\">48$<\/td><td class=\"column-5\">43$<\/td>\n<\/tr>\n<tr class=\"row-11\">\n\t<td class=\"column-1\">Junior 12 \u00e0 17 ans<\/td><td class=\"column-2\">47$<\/td><td class=\"column-3\">52$<\/td><td class=\"column-4\">47$<\/td><td class=\"column-5\">42$<\/td>\n<\/tr>\n<tr class=\"row-12\">\n\t<td class=\"column-1\">2 pers. + voiturette de l'ouverture \u00e0 15h30 (18 trous)<br \/>\nQt\u00e9 limit\u00e9e\/Non applicable sur tournois<\/td><td class=\"column-2\">124$<\/td><td class=\"column-3\">128$<\/td><td class=\"column-4\">124$<\/td><td class=\"column-5\">120$<\/td>\n<\/tr>\n<\/tbody>\n<\/table>\n\n<table id=\"tablepress-4\" class=\"tablepress tablepress-id-4\">\n<thead>\n<tr class=\"row-1\">\n\t<th class=\"column-1\">TARIFS DE GOLF POUR LE PUBLIC<\/th><th class=\"column-2\">De l'ouverture au 30 avril<strong><\/th><th class=\"column-3\">1 mai au 6 sept.<\/strong><\/th><th class=\"column-4\">7 au 27 sept.<strong><\/th><th class=\"column-5\">28 sept. \u00e0 la fermeture<\/strong><\/th>\n<\/tr>\n<\/thead>\n<tbody class=\"row-striping row-hover\">\n<tr class=\"row-2\">\n\t<td class=\"column-1\">Samedi, dim.  et  jours  f\u00e9ri\u00e9s.<\/td><td class=\"column-2\"><\/td><td class=\"column-3\"><\/td><td class=\"column-4\"><\/td><td class=\"column-5\"><\/td>\n<\/tr>\n<tr class=\"row-3\">\n\t<td class=\"column-1\">18 trous avant 12h00<\/td><td class=\"column-2\">61$<\/td><td class=\"column-3\">68$<\/td><td class=\"column-4\">61$<\/td><td class=\"column-5\">57$<\/td>\n<\/tr>\n<tr class=\"row-4\">\n\t<td class=\"column-1\">18 trous 12h00 \u00e0 13h30<\/td><td class=\"column-2\">58$<\/td><td class=\"column-3\">62$<\/td><td class=\"column-4\">58$<\/td><td class=\"column-5\">54$<\/td>\n<\/tr>\n<tr class=\"row-5\">\n\t<td class=\"column-1\">18 trous 13h30 \u00e0 15h30<\/td><td class=\"column-2\">55$<\/td><td class=\"column-3\">57$<\/td><td class=\"column-4\">55$<\/td><td class=\"column-5\">51$<\/td>\n<\/tr>\n<tr class=\"row-6\">\n\t<td class=\"column-1\">18 trous apr\u00e8s 15H30<\/td><td class=\"column-2\">45$<\/td><td class=\"column-3\">47$<\/td><td class=\"column-4\">45$<\/td><td class=\"column-5\">43$<\/td>\n<\/tr>\n<tr class=\"row-7\">\n\t<td class=\"column-1\">9 trous  avant 17h00<\/td><td class=\"column-2\">36$<\/td><td class=\"column-3\">38$<\/td><td class=\"column-4\">36$<\/td><td class=\"column-5\">34$<\/td>\n<\/tr>\n<tr class=\"row-8\">\n\t<td class=\"column-1\">9 trous apr\u00e8s 17h00<\/td><td class=\"column-2\">26$<\/td><td class=\"column-3\">26$<\/td><td class=\"column-4\">26$<\/td><td class=\"column-5\">26$<\/td>\n<\/tr>\n<tr class=\"row-9\">\n\t<td class=\"column-1\">Junior 12 \u00e0 17 ans (apr\u00e8s 13h30)<\/td><td class=\"column-2\">45$<\/td><td class=\"column-3\">47$<\/td><td class=\"column-4\">45$<\/td><td class=\"column-5\">42$<\/td>\n<\/tr>\n<tr class=\"row-10\">\n\t<td class=\"column-1\">2 personnes  + voiturette   Samedi,    dim.  et jours f\u00e9ri\u00e9s (18 trous) apr\u00e8s 13h30<br \/>\n(Qt\u00e9 limit\u00e9e\/Non applicable sur tournois)<\/td><td class=\"column-2\">124$<\/td><td class=\"column-3\">128$<\/td><td class=\"column-4\">124$<\/td><td class=\"column-5\">120$<\/td>\n<\/tr>\n<\/tbody>\n<\/table>\n<\/h1>\r\n<h1>\n<table id=\"tablepress-6\" class=\"tablepress tablepress-id-6\">\n<thead>\n<tr class=\"row-1\">\n\t<th class=\"column-1\">En tout temps<strong><\/th><td class=\"column-2\"><\/td>\n<\/tr>\n<\/thead>\n<tbody class=\"row-striping row-hover\">\n<tr class=\"row-2\">\n\t<td class=\"column-1\">Voiturette-18 trous<\/td><td class=\"column-2\"> 40.00$<\/td>\n<\/tr>\n<tr class=\"row-3\">\n\t<td class=\"column-1\">Voiturette-9 trous<\/td><td class=\"column-2\"> 28.00$<\/td>\n<\/tr>\n<tr class=\"row-4\">\n\t<td class=\"column-1\">Voiturette \/ 18 trous \/ 1 personne<\/td><td class=\"column-2\"> 25.00$<\/td>\n<\/tr>\n<tr class=\"row-5\">\n\t<td class=\"column-1\">Voiturette \/ 9 trous \/ 1 personne<\/td><td class=\"column-2\"> 19.00$<\/td>\n<\/tr>\n<tr class=\"row-6\">\n\t<td class=\"column-1\">Chariot<\/td><td class=\"column-2\">   5.00$<\/td>\n<\/tr>\n<tr class=\"row-7\">\n\t<td class=\"column-1\">Location de b\u00e2tons de golf<\/td><td class=\"column-2\"> 24.00$<\/td>\n<\/tr>\n<tr class=\"row-8\">\n\t<td class=\"column-1\">Panier de balle (1)<\/td><td class=\"column-2\">  10.00$<\/td>\n<\/tr>\n<tr class=\"row-9\">\n\t<td class=\"column-1\">Panier de balles (6)<\/td><td class=\"column-2\">  48.00$<\/td>\n<\/tr>\n<tr class=\"row-10\">\n\t<td class=\"column-1\">Panier de balles (14)<\/td><td class=\"column-2\">  96.00$<\/td>\n<\/tr>\n<tr class=\"row-11\">\n\t<td class=\"column-1\">Panier de balles (30)<\/td><td class=\"column-2\">192.00$<\/td>\n<\/tr>\n<tr class=\"row-12\">\n\t<td class=\"column-1\">Panier de balles (65)<\/td><td class=\"column-2\">340.00$<\/td>\n<\/tr>\n<\/tbody>\n<\/table>\n<\/h1>\r\n<h2>Pour une soumission de tournoi, composez le:<\/h2>\r\n<h4>(514) 631-6624 poste 2227<\/h4>\r\n<h3>OU par courriel \u00e0\u00a0:<\/h3>\r\n<h2><a href=\"mailto:c.st-georges@golfdorval.com\"><strong>c.st-georges@golfdorval.com<\/strong><\/a><\/h2>\r\n<h2>\u00a0<\/h2>\r\n<h2>Pour une soumission de banquet,\u00a0composez le:<\/h2>\r\n<h4>(514) 266-8338<\/h4>\r\n<h3>OU par courriel \u00e0 :<\/h3>\r\n<h2><a href=\"mailto:chucksfood@gmail.com\" target=\"_blank\" rel=\"noopener noreferrer\"><strong>chucksfood@gmail.com<\/strong><\/a><\/h2>\r\n<h5>\u00a0<\/h5>\r\n<p><span style=\"color: #008000;\"><b>Toutes taxes incluses<\/b><\/span><\/p>\r\n<p><span style=\"color: #008000;\"><b>Les prix sont assujettis au changement des taxes<\/b><\/span><\/p>\r\n\r\n<p class=\"has-text-color has-background has-medium-font-size has-very-light-gray-color has-vivid-red-background-color\"><strong>(No Show)\u00a0 Apr\u00e8s le premier avertissement par courriel, les clients qui ont r\u00e9serv\u00e9s un temps de d\u00e9parts et qui n\u2019annulent pas les personnes manquantes dans leur r\u00e9servation devront payer avant leur prochain d\u00e9part de golf un frais de 50$ la premi\u00e8re fois et 100$ les fois suivantes.Il est de votre responsabilit\u00e9 d\u2019annuler en ligne votre temps de d\u00e9part ou les personnes manquantes.\u00a0<\/strong><\/p>\r\n\r\n\r\n\r\n<div class=\"wp-block-button\"><a class=\"wp-block-button__link has-text-color has-very-light-gray-color has-background has-vivid-red-background-color\" href=\"http:\/\/www.golfdorval.com\/wordpress\/fr\/comment-annuler-ou-modifier-une-reservation-ou-ajouter-les-noms-des-golfeurs-fichier-pdf\"><strong>Cliquez-ici pour apprendre comment un annuler un<\/strong>e r\u00e9servation<\/a><\/div>\r\n","protected":false},"excerpt":{"rendered":"<p>Tarifs de golf\u00a0 2026 Golf Dorval est un parcours de golf public pr\u00e8s de Montr\u00e9al N&#8217;oubliez pas que tous nos tarifs sont taxes incluses. Tarifs\u00a0 2026 Golf Dorval est un [&hellip;]<\/p>\n","protected":false},"author":1,"featured_media":0,"parent":0,"menu_order":0,"comment_status":"closed","ping_status":"closed","template":"","meta":{"_monsterinsights_skip_tracking":false,"_monsterinsights_sitenote_active":false,"_monsterinsights_sitenote_note":"","_monsterinsights_sitenote_category":0,"footnotes":""},"aioseo_notices":[],"_links":{"self":[{"href":"http:\/\/golfdorval.com\/wordpress\/wp-json\/wp\/v2\/pages\/459"}],"collection":[{"href":"http:\/\/golfdorval.com\/wordpress\/wp-json\/wp\/v2\/pages"}],"about":[{"href":"http:\/\/golfdorval.com\/wordpress\/wp-json\/wp\/v2\/types\/page"}],"author":[{"embeddable":true,"href":"http:\/\/golfdorval.com\/wordpress\/wp-json\/wp\/v2\/users\/1"}],"replies":[{"embeddable":true,"href":"http:\/\/golfdorval.com\/wordpress\/wp-json\/wp\/v2\/comments?post=459"}],"version-history":[{"count":111,"href":"http:\/\/golfdorval.com\/wordpress\/wp-json\/wp\/v2\/pages\/459\/revisions"}],"predecessor-version":[{"id":10079,"href":"http:\/\/golfdorval.com\/wordpress\/wp-json\/wp\/v2\/pages\/459\/revisions\/10079"}],"wp:attachment":[{"href":"http:\/\/golfdorval.com\/wordpress\/wp-json\/wp\/v2\/media?parent=459"}],"curies":[{"name":"wp","href":"https:\/\/api.w.org\/{rel}","templated":true}]}}