{"id":574,"date":"2016-02-19T21:15:24","date_gmt":"2016-02-20T02:15:24","guid":{"rendered":"http:\/\/127.0.0.1\/wordpress\/?page_id=574"},"modified":"2017-12-23T17:53:32","modified_gmt":"2017-12-23T22:53:32","slug":"salle-de-reception","status":"publish","type":"page","link":"http:\/\/golfdorval.com\/wordpress\/fr\/salle-de-reception\/","title":{"rendered":"Salle de r\u00e9ception"},"content":{"rendered":"<p>&nbsp;<\/p>\n<h3 style=\"text-align: center;\"><\/h3>\n<h3 style=\"text-align: center;\"><span style=\"color: #008000;\">La conception de nos deux salles connexes, accueillent jusqu&#8217;\u00e0 150 convives. Les mariages, les r\u00e9ceptions familiales et les banquets de tournois appr\u00e9cieront l&#8217;am\u00e9nagement moderne du chalet. \u00a0\u00a0\u00a0<\/span><\/h3>\n<p>&nbsp;<\/p>\n<h3><img loading=\"lazy\" decoding=\"async\" class=\"alignleft wp-image-576\" src=\"http:\/\/www.golfdorval.com\/wordpress\/wp-content\/uploads\/2016\/02\/salleamanger-300x225.jpg\" alt=\"salleamanger\" width=\"427\" height=\"320\" srcset=\"http:\/\/golfdorval.com\/wordpress\/wp-content\/uploads\/2016\/02\/salleamanger-300x225.jpg 300w, http:\/\/golfdorval.com\/wordpress\/wp-content\/uploads\/2016\/02\/salleamanger.jpg 600w\" sizes=\"(max-width: 427px) 100vw, 427px\" \/><span style=\"color: #008000;\">L&#8217;atmosph\u00e8re joyeux et color\u00e9 rendra vos r\u00e9ceptions dynamiques et fort appr\u00e9ci\u00e9es en \u00e9t\u00e9 ainsi que pour vos r\u00e9ceptions du temps des f\u00eates. Ces deux salles connexes deviennent \u00e0 l&#8217;occasion des salles individuelles d&#8217;une capacit\u00e9 de 60 personnes, pouvant accommoder des r\u00e9unions d&#8217;affaires avec service de d\u00e9jeuner, pause caf\u00e9 et d\u00eener.<\/span><\/h3>\n<p>&nbsp;<\/p>\n<h3><img loading=\"lazy\" decoding=\"async\" class=\"alignright wp-image-577\" src=\"http:\/\/www.golfdorval.com\/wordpress\/wp-content\/uploads\/2016\/02\/salleamanger2-300x225.jpg\" alt=\"salleamanger2\" width=\"444\" height=\"333\" srcset=\"http:\/\/golfdorval.com\/wordpress\/wp-content\/uploads\/2016\/02\/salleamanger2-300x225.jpg 300w, http:\/\/golfdorval.com\/wordpress\/wp-content\/uploads\/2016\/02\/salleamanger2.jpg 600w\" sizes=\"(max-width: 444px) 100vw, 444px\" \/><\/h3>\n<h3><\/h3>\n<h3><span style=\"color: #008000;\">Connexe \u00e0 notre salle \u00e0 manger avec vue panoramique, une terrasse \u00e0 ciel ouvert est accessible avec vue sur le golf. Une seconde terrasse am\u00e9nag\u00e9e contre les intemp\u00e9ries donne sur le bar.\u00a0 Lorsque la saison se refroidie, vous profiterez de la chaleureuse ambiance de notre foyer et visiterez notre coin Champions.\u00a0<\/span><\/h3>\n<h3><span style=\"color: #ff6600;\">Pour plus d&#8217;informations communiquez avec le Directeur de la restauration:<\/span><\/h3>\n<h4><span style=\"color: #ff6600;\">Charles Bowman\u00a0\u00a0\u00a0\u00a0\u00a0\u00a0\u00a0\u00a0\u00a0\u00a0\u00a0\u00a0\u00a0 T\u00e9l: 514-266-8338 \u00a0 \u00a0 \u00a0 \u00a0 \u00a0 \u00a0 \u00a0 \u00a0courriel: <\/span><a href=\"mailto:chucksfood@gmail.com\">chucksfood@gmail.com<\/a><\/h4>\n<p>&nbsp;<\/p>\n","protected":false},"excerpt":{"rendered":"<p>&nbsp; La conception de nos deux salles connexes, accueillent jusqu&#8217;\u00e0 150 convives. Les mariages, les r\u00e9ceptions familiales et les banquets de tournois appr\u00e9cieront l&#8217;am\u00e9nagement moderne du chalet. \u00a0\u00a0\u00a0 &nbsp; L&#8217;atmosph\u00e8re [&hellip;]<\/p>\n","protected":false},"author":1,"featured_media":0,"parent":0,"menu_order":0,"comment_status":"closed","ping_status":"closed","template":"","meta":{"_monsterinsights_skip_tracking":false,"_monsterinsights_sitenote_active":false,"_monsterinsights_sitenote_note":"","_monsterinsights_sitenote_category":0,"footnotes":""},"aioseo_notices":[],"_links":{"self":[{"href":"http:\/\/golfdorval.com\/wordpress\/wp-json\/wp\/v2\/pages\/574"}],"collection":[{"href":"http:\/\/golfdorval.com\/wordpress\/wp-json\/wp\/v2\/pages"}],"about":[{"href":"http:\/\/golfdorval.com\/wordpress\/wp-json\/wp\/v2\/types\/page"}],"author":[{"embeddable":true,"href":"http:\/\/golfdorval.com\/wordpress\/wp-json\/wp\/v2\/users\/1"}],"replies":[{"embeddable":true,"href":"http:\/\/golfdorval.com\/wordpress\/wp-json\/wp\/v2\/comments?post=574"}],"version-history":[{"count":10,"href":"http:\/\/golfdorval.com\/wordpress\/wp-json\/wp\/v2\/pages\/574\/revisions"}],"predecessor-version":[{"id":2911,"href":"http:\/\/golfdorval.com\/wordpress\/wp-json\/wp\/v2\/pages\/574\/revisions\/2911"}],"wp:attachment":[{"href":"http:\/\/golfdorval.com\/wordpress\/wp-json\/wp\/v2\/media?parent=574"}],"curies":[{"name":"wp","href":"https:\/\/api.w.org\/{rel}","templated":true}]}}