{"id":621,"date":"2016-02-22T21:24:30","date_gmt":"2016-02-23T02:24:30","guid":{"rendered":"http:\/\/127.0.0.1\/wordpress\/?page_id=621"},"modified":"2026-01-03T16:39:17","modified_gmt":"2026-01-03T21:39:17","slug":"club-dorval-select","status":"publish","type":"page","link":"http:\/\/golfdorval.com\/wordpress\/fr\/club-dorval-select\/","title":{"rendered":"Club Dorval S\u00e9lect"},"content":{"rendered":"\r\n<p class=\"has-text-color has-background has-large-font-size has-very-light-gray-color has-luminous-vivid-orange-background-color\"><strong>Il n&#8217;est pas possible d&#8217;adh\u00e9rer au Club Dorval S\u00e9lect SI VOUS N&#8217;HABITEZ PAS \u00c0 DORVAL<\/strong><\/p>\r\n\r\n<h1>\u00a0<\/h1>\r\n<h3>\u00a0<\/h3>\r\n<h3><span style=\"color: #000080;\">Club Dorval S\u00e9lect (R\u00e9sident de Dorval seulement).*<\/span><\/h3>\r\n<h3><span style=\"color: #0000ff;\">* <span style=\"text-decoration: underline;\">vous devez habiter \u00e0 Dorval pour joindre le Club Select.<\/span><\/span><\/h3>\r\n<h1><span style=\"color: #008000;\"><u>TARIFICATION POUR 2026\u00a0<\/u><\/span><\/h1>\r\n<h2 style=\"text-align: center;\"><span style=\"color: #008000;\"><u>(deux options)<\/u><\/span><\/h2>\r\n<h1 style=\"text-align: center;\"><strong><span style=\"color: #000080;\">5 jours ou 7 jours<\/span><\/strong><\/h1>\r\n<h1><span style=\"color: #000080;\">5 jours (lundi au vendredi)<\/span><\/h1>\r\n<ul>\r\n<li>\r\n<h3><span style=\"color: #008000;\">Carte de <u>citoyen de Dorval valide obligatoire<\/u> pour inscription au <strong>CLUB DORVAL S\u00c9LECT<br \/><\/strong><\/span><\/h3>\r\n<\/li>\r\n<li>\r\n<h3><span style=\"color: #008000;\">Le forfait annuel pour les droits de jeu est\u00a0 <strong>de <span style=\"color: #ff0000;\">1,500.00$ (taxes incluses)<\/span> s&#8217;il est acquitt\u00e9\u00a0 <\/strong><\/span><span style=\"color: #000000;\"><strong>avant le 14 mars 2026<\/strong><\/span><span style=\"color: #008000;\"><strong>. Le tarif acquitt\u00e9 <span style=\"color: #000000;\">apr\u00e8s le 13 mars 2026<\/span> sera de <span style=\"color: #ff0000;\">1,600.00$ (taxes incluses). <span style=\"color: #008000;\">Le tarif annuel n&#8217;inclut pas la participation aux tournois.<\/span><\/span><\/strong><\/span><span style=\"color: #008000;\"><strong>\u00a0\u00a0<\/strong><\/span><span style=\"color: #008000;\"><strong><span style=\"color: #0000ff;\">(Il s&#8217;agit d&#8217;une passe annuelle, nous n&#8217;avons pas de membres).<\/span><\/strong><\/span><\/h3>\r\n<\/li>\r\n<li>\r\n<h3><span style=\"color: #008000;\"><strong>Du lundi au vendredi<\/strong>\u00a0 votre forfait inclus le droit de jeu en tout temps, <\/span><span style=\"color: #008000;\">\u00a0la location de voiturette sera de <span style=\"color: #ff0000;\">14<\/span><strong><span style=\"color: #ff0000;\">.25$<\/span><\/strong> par personne pour 9 trous (en occupation simple) ou <strong><span style=\"color: #ff0000;\">$10.50<\/span><\/strong>\u00a0par personne (en occupation double) pour 9 trous et de <strong><span style=\"color: #ff0000;\">18.75$<\/span><\/strong> par personne pour 18 trous (occupation simple) ou <strong><span style=\"color: #ff0000;\">15.00$<\/span><\/strong> par personne pour 18 trous (en occupation double)<br \/><\/span><\/h3>\r\n<\/li>\r\n<\/ul>\r\n<h1><strong><span style=\"color: #000080;\">7 jours (lundi au dimanche)<\/span><\/strong><\/h1>\r\n<ul>\r\n<li>\r\n<h3><span style=\"color: #008000;\">Carte de <u>citoyen de Dorval obligatoire<\/u> pour inscription au <strong>CLUB DORVAL S\u00c9LECT<br \/><\/strong><\/span><\/h3>\r\n<\/li>\r\n<li>\r\n<h3><span style=\"color: #008000;\"><span style=\"color: #008000;\">Le forfait annuel pour les droits de jeu est\u00a0 \u00a0<\/span><strong><span style=\"color: #008000;\">de \u00a0<span style=\"color: #ff0000;\">1,675.00$ (taxes incluses).\u00a0<span style=\"color: #008000;\">s&#8217;il est acquitt\u00e9 <span style=\"color: #000000;\">avant le 14 mars 2026. <\/span><\/span>\u00a0<span style=\"color: #008000;\">Le tarif acquitt\u00e9 <span style=\"color: #000000;\">apr\u00e8s le 13 mars 2026<\/span> sera de <span style=\"color: #ff0000;\">1,775.00$ (taxes incluses).<\/span> Le tarif annuel n&#8217;inclut pas la participation aux tournois. <\/span><span style=\"color: #008000;\">\u00a0<\/span><\/span><\/span><\/strong><\/span><span style=\"color: #008000;\"><strong><span style=\"text-decoration: underline;\"><span style=\"color: #ff0000; text-decoration: underline;\"><span style=\"color: #0000ff; text-decoration: underline;\">( Il s&#8217;agit d&#8217;une passe annuelle, nous n&#8217;avons pas de membres).<\/span><\/span><\/span><\/strong><\/span><\/h3>\r\n<\/li>\r\n<li>\r\n<h3><span style=\"color: #008000;\"><strong>Du lundi au vendredi<\/strong>\u00a0 votre forfait inclus le droit de jeu en tout temps, <\/span><span style=\"color: #008000;\">\u00a0la location de voiturette sera de <span style=\"color: #ff0000;\">14<\/span><strong><span style=\"color: #ff0000;\">.25$<\/span> <\/strong>par personne pour 9 trous (en occupation simple ou\u00a0 <strong><span style=\"color: #ff0000;\">$ 10.50<\/span><\/strong>\u00a0par personne (en occupation double) pour 9 trous et de <strong><span style=\"color: #ff0000;\">18.75$<\/span><\/strong> par personne pour 18 trous (occupation simple) ou <strong><span style=\"color: #ff0000;\">15.00$<\/span><\/strong> par personne pour 18 trous (en occupation double)<\/span><\/h3>\r\n<\/li>\r\n<\/ul>\r\n<ul>\r\n<li>\r\n<h3><span style=\"color: #008000;\"><strong>La fin de semaine,\u00a0<\/strong>votre forfait comprend aussi le droit de jeu en tout temps, \u00a0la location de voiturette reste \u00e0 <span style=\"color: #ff0000;\">14<\/span><strong><span style=\"color: #ff0000;\">.25$<\/span><\/strong> par personne pour 9 trous (occupation simple) ou <strong><span style=\"color: #ff0000;\">$10.50<\/span><\/strong>\u00a0par personne (en occupation double) pour 9 trous et de <strong><span style=\"color: #ff0000;\">18.75$<\/span><\/strong> par personne pour 18 trous (occupation simple) ou de <strong><span style=\"color: #ff0000;\">15.00$<\/span><\/strong> par personne pour 18 trous (occupation double).<br \/><\/span><\/h3>\r\n<\/li>\r\n<li><span style=\"color: #008000;\"><strong>DEPUIS LA SAISON 2024, LE PRIX DES VOITURETTES EST LE PRIX R\u00c9GULIER MOINS 25% D&#8217;ESCOMPTE POUR TOUS LES R\u00c9SIDENTS DE DORVAL. (S\u00c9LECT OU R\u00c9SIDENT) CARTE D&#8217;ACTIVIT\u00c9 DORVAL VALIDE REQUISE.<\/strong><\/span><\/li>\r\n<\/ul>\r\n<ul>\r\n<li>\r\n<h3><span style=\"color: #008000;\">Possibilit\u00e9 de r\u00e9servation de temps de d\u00e9part une\u00a0 journ\u00e9e avant les golfeurs r\u00e9guliers <strong><span style=\"text-decoration: underline;\">(r\u00e9servation en ligne seulement)<\/span><\/strong><\/span><\/h3>\r\n<\/li>\r\n<\/ul>\r\n<ul>\r\n<li>\r\n<h3><span style=\"color: #008000;\"><span style=\"text-decoration: underline; color: #ff0000;\">VEUILLEZ NOTER QUE TOUT LES PRIX EN ROUGE INCLUENT LES TAXES.<\/span><br \/><\/span><\/h3>\r\n<\/li>\r\n<\/ul>\r\n<h3><span style=\"color: #008000;\">**** Les privil\u00e8ges ci-haut mentionn\u00e9s ne s\u2019appliquent pas en cas de temps de d\u00e9part r\u00e9serv\u00e9s pour les groupes et tournois.<\/span><\/h3>\r\n<blockquote>\r\n<ul>\r\n<li>\r\n<h3><span style=\"color: #008000;\"><strong><em><u>Autres conditions<\/u><\/em><\/strong><\/span><\/h3>\r\n<\/li>\r\n<li>\r\n<h3><span style=\"color: #008000;\">\u00c0 compter de l&#8217;heure d&#8217;ouverture du\u00a0 terrain jusqu&#8217;`a 4 heures apr\u00e8s, (premier 4 heures d&#8217;ouverture), un Select ou un r\u00e9sident de Dorval peut seulement r\u00e9server un maximum d&#8217;un non-r\u00e9sident lors de sa r\u00e9servation. <span style=\"color: #000080;\">Donc il doit y avoir 2 r\u00e9sidents de Dorval ou 2 s\u00e9lects par quatuor et le nom des 2 r\u00e9sidents de Dorval ou 2 s\u00e9lects doivent \u00eatre inscrit dans la r\u00e9servation et ils doivent jouer dans cette r\u00e9servation.\u00a0<span style=\"color: #ff6600;\">Golf Dorval fournira au printemps des instructions comment mettre les noms dans la r\u00e9servation. Une p\u00e9riode d&#8217;adaptation sera donn\u00e9e pour apprendre comment faire. Par la suite apr\u00e8s un premier avertissement par courriel, si le soir de 4 jours d&#8217;avance de r\u00e9servation il n&#8217;y a pas deux noms dans la r\u00e9servation, celle-ci sera annul\u00e9e par Golf Dorval.\u00a0<span style=\"color: #000000;\">Ce r\u00e8glement a pour but de donner une chance \u00e0 plus de r\u00e9sident de Dorval de jouer au golf, aucun r\u00e9sident de Dorval ne peut \u00eatre contre ce r\u00e8glement.<\/span><\/span><\/span><\/span><\/h3>\r\n<\/li>\r\n<li>\r\n<h3><span style=\"color: #000080;\"><span style=\"color: #000080;\"><b>Ce r\u00e8glement s\u2019applique au S\u00e9lect et R\u00e9sident de Dorval car ils peuvent r\u00e9server 4 jours d&#8217;avance.<\/b><\/span><\/span><\/h3>\r\n<\/li>\r\n<li>\r\n<h3><span style=\"color: #008000;\">Un Select ou un r\u00e9sident de Dorval doit obligatoirement jouer dans la r\u00e9servation faite sous son nom. Un manquement \u00e0 cette directive annule automatiquement sa r\u00e9servation.<\/span><\/h3>\r\n<\/li>\r\n<li>\r\n<h3><span style=\"color: #008000;\"><span style=\"text-decoration: underline;\">(No Show)<\/span>\u00a0 Apr\u00e8s le premier avertissement par courriel, les clients qui ont r\u00e9serv\u00e9s un temps de d\u00e9parts et qui n&#8217;annulent pas les personnes manquantes dans leur r\u00e9servation <span style=\"color: #000080;\">devront payer avant leur prochain d\u00e9part de golf un frais de 50$ la premi\u00e8re fois et 100$ les fois suivantes.<\/span>Il est de votre responsabilit\u00e9 d&#8217;annuler en ligne votre temps de d\u00e9part ou les personnes manquantes.\u00a0<span style=\"color: #ff6600;\">( des instructions vous seront fournis au printemps pour apprendre comment faire). <span style=\"color: #000000;\">Ce r\u00e8glement s&#8217;applique \u00e0 tout le monde, S\u00e9lect, R\u00e9sident de Dorval ou public.<\/span><\/span>\u00a0<\/span><\/h3>\r\n<\/li>\r\n<li>\r\n<h3><span style=\"color: #008000;\">Tous les golfeurs doivent \u00eatre pr\u00eat et s&#8217;inscrire au pr\u00e9pos\u00e9 aux d\u00e9parts 15 minutes avant leur heure de d\u00e9parts.<\/span><\/h3>\r\n<\/li>\r\n<li>\r\n<h3><span style=\"color: #008000;\"><span style=\"color: #0000ff;\"><span style=\"color: #008000;\">Dans<\/span> <span style=\"color: #008000;\">le but de donner un acc\u00e8s \u00e0 plus de golfeurs, les s\u00e9lects n&#8217;ont droit qu&#8217;\u00e0 un maximum d&#8217;une partie de golf par jour.<\/span><\/span><\/span><\/h3>\r\n<\/li>\r\n<li>\r\n<h3><span style=\"color: #008000;\">\u00a0Il y aura une limite de 150 S\u00e9lects pour 2026. Les membres S\u00e9lects de 2025 auront priorit\u00e9s mais devront confirmer avant le 6 f\u00e9vrier 2026 s&#8217;ils veulent rester dans le Club S\u00e9lect mais d\u00e9sirent payer plus tard. Apr\u00e8s 150 S\u00e9lects il y aura une liste d&#8217;attente comme le font les autres parcours de golf.<\/span><\/h3>\r\n<\/li>\r\n<li>\r\n<h3><span style=\"color: #000080;\">Aucun renouvellement au Club S\u00e9lect Dorval si la carte d&#8217;activit\u00e9 Dorval du client est expir\u00e9e.<\/span><\/h3>\r\n<\/li>\r\n<li>\r\n<h3><span style=\"color: #008000;\">Le co\u00fbt de l&#8217;entreposage d&#8217;un sac de golf est de <strong><span style=\"color: #ff0000;\">100.00$ par ann\u00e9e (taxes inc.)<\/span><\/strong><\/span><\/h3>\r\n<\/li>\r\n<li>\r\n<h3><span style=\"color: #008000;\">Le co\u00fbt de l&#8217;entreposage d&#8217;un sac de golf et un chariot est de <strong><span style=\"color: #ff0000;\">125.00$ par ann\u00e9e (taxes inc.)<\/span><\/strong><\/span><\/h3>\r\n<\/li>\r\n<li>\r\n<h3><span style=\"color: #008000;\">Tout autre service offert par Golf Dorval est au prix r\u00e9gulier publi\u00e9.<\/span><\/h3>\r\n<\/li>\r\n<\/ul>\r\n<\/blockquote>\r\n<h3><span style=\"text-decoration: underline; color: #0000ff;\"><strong>POUR LES AUTRES R\u00c9SIDENTS DE DORVAL<\/strong> <strong>QUI NE FONT PAS PARTI DU\u00a0 CLUB\u00a0 DORVAL S\u00c9LECT<\/strong>)<\/span><\/h3>\r\n<blockquote>\r\n<ul>\r\n<li>\r\n<h3><span style=\"color: #008000;\">Possibilit\u00e9 de r\u00e9servation de temps de d\u00e9part une\u00a0 journ\u00e9e avant les golfeurs r\u00e9guliers <strong><span style=\"text-decoration: underline;\">(r\u00e9servation en ligne seulement)<\/span><\/strong><\/span><\/h3>\r\n<ul>\r\n<li>\r\n<h3><span style=\"color: #008000;\">Une premi\u00e8re inscription \u00e0 la boutique du Golf Dorval doit \u00eatre faite sur pr\u00e9sentation de la carte d&#8217; activit\u00e9 Dorval.<\/span><\/h3>\r\n<\/li>\r\n<\/ul>\r\n<\/li>\r\n<li>\r\n<h3><span style=\"color: #008000;\"><strong>Escompte de 25%<\/strong> sur les droits de jeux et sur les voiturettes en tout temps.\u00a0<br \/><\/span><\/h3>\r\n<\/li>\r\n<li>\r\n<h3><span style=\"color: #008000;\">Pr\u00e9sentation de la carte d&#8217;activit\u00e9 Dorval valide obligatoire<\/span><\/h3>\r\n<\/li>\r\n<\/ul>\r\n<\/blockquote>\r\n<h3><span style=\"color: #008000;\"><strong><span style=\"text-decoration: underline;\">Autres conditions<\/span><\/strong><\/span><\/h3>\r\n<ul>\r\n<li>\r\n<h3><span style=\"color: #008000;\">Toutes les autres conditions \u00e9num\u00e9r\u00e9es pr\u00e9c\u00e9demment s&#8217;appliquent aussi \u00e0 tous les r\u00e9sidents de Dorval.<br \/><\/span><\/h3>\r\n<\/li>\r\n<\/ul>\r\n<h3><span style=\"color: #000000;\">Pour plus d&#8217;informations: \u00a0514-631-6624 poste 2222<\/span><\/h3>\r\n<h3><span style=\"color: #000000;\">ou par courriel :<a href=\"mailto:jg.cote@golfdorval.com\"> jg.cote@golfdorval.com<\/a><\/span><\/h3>\r\n<h3><strong><span style=\"color: #ff0000;\"><a href=\"http:\/\/www.golfdorval.com\/wordpress\/fr\/heures-douverture\/\">Cliquez ici pour les heures d&#8217;ouverture du bureau<\/a><\/span><\/strong><\/h3>\r\n\r\n<div class=\"wp-block-image\">\r\n<figure class=\"aligncenter size-large\"><img loading=\"lazy\" decoding=\"async\" width=\"600\" height=\"200\" class=\"wp-image-8318\" src=\"http:\/\/www.golfdorval.com\/wordpress\/wp-content\/uploads\/2023\/06\/Sans-titre-600-\u00d7-200-px-1.png\" alt=\"\" srcset=\"http:\/\/golfdorval.com\/wordpress\/wp-content\/uploads\/2023\/06\/Sans-titre-600-\u00d7-200-px-1.png 600w, http:\/\/golfdorval.com\/wordpress\/wp-content\/uploads\/2023\/06\/Sans-titre-600-\u00d7-200-px-1-300x100.png 300w\" sizes=\"(max-width: 600px) 100vw, 600px\" \/><\/figure>\r\n<\/div>\r\n\r\n\r\n\r\n<p class=\"has-text-color has-background has-large-font-size has-very-dark-gray-color has-vivid-cyan-blue-background-color\"><strong>Vous trouverez ci-dessous 2 boutons vert, cliquez dessus et vous d\u00e9couvrirez des tutoriels pour apprendre comment cr\u00e9er un compte de r\u00e9servation en ligne, annuler une r\u00e9servation et autres.<\/strong><\/p>\r\n\r\n\r\n\r\n<div class=\"wp-block-button\"><a class=\"wp-block-button__link has-text-color has-very-dark-gray-color has-background has-vivid-green-cyan-background-color\" href=\"http:\/\/www.golfdorval.com\/wordpress\/fr\/comment-ouvrir-un-compte-chronogolf-et-reserver-pour-select-et-resident-de-dorval-pdf\/\"><strong>Comment ouvrir un compte Chronogolf et faire une r\u00e9servation en ligne<\/strong> <strong>pour S\u00e9lect ou r\u00e9sident de Dorval<\/strong><\/a><\/div>\r\n\r\n\r\n\r\n<div class=\"wp-block-button\"><a class=\"wp-block-button__link has-text-color has-very-dark-gray-color has-background has-vivid-green-cyan-background-color\" href=\"http:\/\/www.golfdorval.com\/wordpress\/fr\/comment-annuler-ou-modifier-une-reservation-ou-ajouter-les-noms-des-golfeurs-2\/\"><strong>Comment annuler ou modifier une r\u00e9servation ou ajouter les noms des golfeurs<\/strong>, <strong>S\u00e9lect ou citoyen de Dorval<\/strong><\/a><\/div>\r\n","protected":false},"excerpt":{"rendered":"<p>Il n&#8217;est pas possible d&#8217;adh\u00e9rer au Club Dorval S\u00e9lect SI VOUS N&#8217;HABITEZ PAS \u00c0 DORVAL \u00a0 \u00a0 Club Dorval S\u00e9lect (R\u00e9sident de Dorval seulement).* * vous devez habiter \u00e0 Dorval [&hellip;]<\/p>\n","protected":false},"author":1,"featured_media":0,"parent":0,"menu_order":0,"comment_status":"closed","ping_status":"closed","template":"","meta":{"_monsterinsights_skip_tracking":false,"_monsterinsights_sitenote_active":false,"_monsterinsights_sitenote_note":"","_monsterinsights_sitenote_category":0,"footnotes":""},"aioseo_notices":[],"_links":{"self":[{"href":"http:\/\/golfdorval.com\/wordpress\/wp-json\/wp\/v2\/pages\/621"}],"collection":[{"href":"http:\/\/golfdorval.com\/wordpress\/wp-json\/wp\/v2\/pages"}],"about":[{"href":"http:\/\/golfdorval.com\/wordpress\/wp-json\/wp\/v2\/types\/page"}],"author":[{"embeddable":true,"href":"http:\/\/golfdorval.com\/wordpress\/wp-json\/wp\/v2\/users\/1"}],"replies":[{"embeddable":true,"href":"http:\/\/golfdorval.com\/wordpress\/wp-json\/wp\/v2\/comments?post=621"}],"version-history":[{"count":52,"href":"http:\/\/golfdorval.com\/wordpress\/wp-json\/wp\/v2\/pages\/621\/revisions"}],"predecessor-version":[{"id":10088,"href":"http:\/\/golfdorval.com\/wordpress\/wp-json\/wp\/v2\/pages\/621\/revisions\/10088"}],"wp:attachment":[{"href":"http:\/\/golfdorval.com\/wordpress\/wp-json\/wp\/v2\/media?parent=621"}],"curies":[{"name":"wp","href":"https:\/\/api.w.org\/{rel}","templated":true}]}}