{"id":891,"date":"2016-03-23T16:08:49","date_gmt":"2016-03-23T20:08:49","guid":{"rendered":"http:\/\/www.golfdorval.com\/wordpress\/?page_id=891"},"modified":"2026-01-03T15:07:59","modified_gmt":"2026-01-03T20:07:59","slug":"camp-de-golf-junior-ete-2026","status":"publish","type":"page","link":"http:\/\/golfdorval.com\/wordpress\/fr\/camp-de-golf-junior-ete-2026\/","title":{"rendered":"LES CAMPS DE GOLF JUNIOR POUR L&#8217;\u00c9T\u00c9 2026"},"content":{"rendered":"<h2 style=\"text-align: center;\"><span style=\"color: #008000;\">\u00a0 \u00a0 \u00a0 \u00a0 \u00a0 \u00a0 Camp de jour junior de golf\u00a0 dans la r\u00e9gion de Montr\u00e9al<\/span><\/h2>\r\n<p><span style=\"color: #008000;\">\u00a0 \u00a0 \u00a0 \u00a0 \u00a0<\/span><\/p>\r\n\r\n<p class=\"has-text-color has-background has-huge-font-size has-very-light-gray-color has-vivid-red-background-color\"><strong>LES CAMPS DE GOLF POUR L&#8217;\u00c9T\u00c9 2026<\/strong><\/p>\r\n<p>&nbsp;<\/p>\r\n<p><img loading=\"lazy\" decoding=\"async\" class=\"aligncenter wp-image-9565 size-full\" src=\"http:\/\/www.golfdorval.com\/wordpress\/wp-content\/uploads\/2025\/01\/Sans-titre-500-x-400-px.png\" alt=\"camp de golf 2025\" width=\"500\" height=\"400\" srcset=\"http:\/\/golfdorval.com\/wordpress\/wp-content\/uploads\/2025\/01\/Sans-titre-500-x-400-px.png 500w, http:\/\/golfdorval.com\/wordpress\/wp-content\/uploads\/2025\/01\/Sans-titre-500-x-400-px-300x240.png 300w\" sizes=\"(max-width: 500px) 100vw, 500px\" \/><\/p>\r\n\r\n\r\n\r\n<h2 class=\"has-luminous-vivid-orange-color has-text-color wp-block-heading\">R\u00e8glements pour les camps de golf junior \u00e9t\u00e9 2026<\/h2>\r\n\r\n\r\n\r\n<p class=\"has-text-color has-background has-text-align-center has-very-dark-gray-color has-luminous-vivid-orange-background-color\"><strong>1) Vous ne devez pas arriver plus t\u00f4t que 9h00.<\/strong><\/p>\r\n\r\n\r\n\r\n<p class=\"has-text-color has-background has-text-align-center has-very-dark-gray-color has-luminous-vivid-orange-background-color\"><strong>2) Il y a un maximum de 10 enfants par instructeur.<\/strong><\/p>\r\n\r\n\r\n\r\n<p class=\"has-text-color has-background has-text-align-center has-very-dark-gray-color has-luminous-vivid-orange-background-color\"><strong>3) Pour toutes les activit\u00e9s: un groupe de 10 par activit\u00e9 et pour les autres activit\u00e9s elles vont \u00eatre \u00e0 des endroits diff\u00e9rents.<\/strong><\/p>\r\n\r\n\r\n\r\n<p class=\"has-text-color has-background has-text-align-center has-very-dark-gray-color has-luminous-vivid-orange-background-color\"><strong>4) Le d\u00e9parts pour la maison est \u00e0 16h00, il n&#8217;y a aucun d\u00e9lai et supervision apr\u00e8s les cours.<\/strong><\/p>\r\n\r\n\r\n\r\n<p class=\"has-text-color has-background has-text-align-center has-medium-font-size\" style=\"background-color: #e9eaec; color: #04613f;\">Voici la programmation pour la saison des camps de golf pour 2026.<\/p>\r\n<p class=\"has-text-color has-background has-text-align-center has-medium-font-size\" style=\"background-color: #e9eaec; color: #04613f;\">Pour d\u00e9buter, nous allons continuer cet \u00e9t\u00e9 de nouvelles activit\u00e9s dans notre programme de golf.<\/p>\r\n<p class=\"has-text-color has-background has-text-align-center has-medium-font-size\" style=\"background-color: #e9eaec; color: #04613f;\">Une activit\u00e9 est appel\u00e9 <strong>foot golf<\/strong> et l&#8217;autre <strong>disc golf<\/strong>. Bien s\u00fbr,\u00a0 le <strong>golf r\u00e9gulier va demeurer l&#8217;activit\u00e9 principale.<\/strong><\/p>\r\n<p class=\"has-text-color has-background has-text-align-center has-medium-font-size\" style=\"background-color: #e9eaec; color: #04613f;\">Par la suite,\u00a0 nous allons avoir l&#8217;opportunit\u00e9 de jouer sur le parcours r\u00e9gulier lorsqu&#8217;il est disponible et\u00a0 aussi sur le parcours junior avec espace limit\u00e9e.<\/p>\r\n\r\n\r\n\r\n<h2 class=\"has-text-color has-text-align-center wp-block-heading\" style=\"color: #04613f;\">Heures des camps<\/h2>\r\n\r\n\r\n\r\n<p class=\"has-text-color has-background has-text-align-center has-medium-font-size\" style=\"background-color: #e9eaec; color: #04613f;\"><strong>Pour le camp de journ\u00e9e compl\u00e8te seulement:<\/strong> le camp d\u00e9bute \u00e0 9h30. L&#8217; Enseignement est de 9h30 \u00e0 11h30. La p\u00e9riode de repas sera de 11h45 \u00e0 12h30. En apr\u00e8s-midi il y aura le Putting de 12h30 \u00e0 13h00. et ensuite la pratique du Golf jusqu&#8217;\u00e0 15h45. D\u00e9part \u00e0 16h00.<\/p>\r\n\r\n\r\n\r\n<ul>\r\n<li><strong>\u00c2ge 8 \u00e0 16 ans<\/strong><\/li>\r\n<li><strong>7 camps journ\u00e9e compl\u00e8te de 9h30 \u00e0 16h00 (\u00e0 partir de 13h00 golf\u00a0 jusqu&#8217;\u00e0 15h45)<\/strong> <strong><em>Doit \u00eatre \u00e2g\u00e9 de 8 ans minimum pour le camp journ\u00e9e compl\u00e8te.<\/em><\/strong><\/li>\r\n<\/ul>\r\n\r\n\r\n\r\n<ul>\r\n<li><strong>\u00c2ge 8 \u00e0 16 ans<\/strong><\/li>\r\n<li><strong>4 camps demi-journ\u00e9e de 9h15 \u00e0 12h00 ou 13h00 \u00e0 15h30<\/strong><\/li>\r\n<\/ul>\r\n\r\n\r\n\r\n<p class=\"has-text-color has-background has-text-align-center has-medium-font-size\" style=\"background-color: #e9eaec; color: #04613f;\"><strong>La p\u00e9riode de repas est de 11h45 \u00e0 12h30 pour les camps journ\u00e9e compl\u00e8te.<\/strong><\/p>\r\n\r\n\r\n\r\n<p class=\"has-text-color has-background has-text-align-center has-medium-font-size\" style=\"background-color: #e9eaec; color: #0770ad;\"><strong>Tr\u00e8s important: Le code vestimentaire est obligatoire sur le parcours en tout temps. Chandail avec collet (polo), pas de jeans, espadrilles ou souliers de golf. <\/strong><\/p>\r\n\r\n\r\n\r\n<p class=\"has-text-color has-background has-text-align-center has-medium-font-size\" style=\"background-color: #e9eaec; color: #04613f;\"><strong>C\u00e9dule de la semaine<\/strong><\/p>\r\n\r\n\r\n\r\n<ol>\r\n<li><strong>Discussion sur la s\u00e9curit\u00e9 sur le parcours de golf<\/strong><\/li>\r\n<li><strong>L&#8217;\u00e9tiquette de golf<\/strong><\/li>\r\n<li><strong>Les exercices de r\u00e9chauffement<\/strong><\/li>\r\n<li><strong>Des conseil de l&#8217;\u00e9lan complet<\/strong><\/li>\r\n<li><strong>La technique sur le vert de pratique<\/strong><\/li>\r\n<li><strong>Pratique avec les bois et fers<\/strong><\/li>\r\n<li><strong>La technique sur les approches courtes (chipping)<\/strong><\/li>\r\n<li><strong>Pratique sur les approches longues (pitching)<\/strong><\/li>\r\n<li><strong>Enseignement dans les fausses de sable<\/strong><\/li>\r\n<li><strong>Pratique avec le fer droit (putter)<\/strong><\/li>\r\n<\/ol>\r\n<p>&nbsp;<\/p>\r\n<h2 class=\"has-text-color has-text-align-center has-very-dark-gray-color\"><span style=\"color: #0000ff;\">Inscriptions \u00e0 partir du 20 janvier 2026<\/span><\/h2>\r\n\r\n\r\n\r\n<p class=\"has-text-color has-background has-text-align-center has-medium-font-size\" style=\"background-color: #e9eaec; color: #04613f;\">Voici les dates des camps (journ\u00e9e compl\u00e8te)<\/p>\r\n\r\n\r\n\n<table id=\"tablepress-51\" class=\"tablepress tablepress-id-51\">\n<thead>\n<tr class=\"row-1\">\n\t<th class=\"column-1\">Date<\/th><th class=\"column-2\">Dur\u00e9e<\/th><th class=\"column-3\">Prix<\/th><th class=\"column-4\">Disponibilit\u00e9<\/th>\n<\/tr>\n<\/thead>\n<tbody class=\"row-striping row-hover\">\n<tr class=\"row-2\">\n\t<td class=\"column-1\">22,23,25,26 juin  2026<\/td><td class=\"column-2\">journ\u00e9e compl\u00e8te<\/td><td class=\"column-3\">380.00$ <\/td><td class=\"column-4\"><B>COMPLET<\/td>\n<\/tr>\n<tr class=\"row-3\">\n\t<td class=\"column-1\">29,30 juin, 2,3 juillet 2026<\/td><td class=\"column-2\">journ\u00e9e compl\u00e8te<\/td><td class=\"column-3\">380.00$ <\/td><td class=\"column-4\"><B>COMPLET<\/td>\n<\/tr>\n<tr class=\"row-4\">\n\t<td class=\"column-1\">6,7,8,9  juillet 2026<\/td><td class=\"column-2\">journ\u00e9e compl\u00e8te<\/td><td class=\"column-3\">380.00$ <\/td><td class=\"column-4\"><B>COMPLET<\/td>\n<\/tr>\n<tr class=\"row-5\">\n\t<td class=\"column-1\">13,14,15,16 juillet 2026<\/td><td class=\"column-2\">journ\u00e9e compl\u00e8te<\/td><td class=\"column-3\">380.00$ <\/td><td class=\"column-4\"><B>COMPLET<\/td>\n<\/tr>\n<tr class=\"row-6\">\n\t<td class=\"column-1\">3,4,5,6 ao\u00fbt 2026<\/td><td class=\"column-2\">journ\u00e9e compl\u00e8te<\/td><td class=\"column-3\">380.00$ <\/td><td class=\"column-4\"><B>COMPLET<\/td>\n<\/tr>\n<tr class=\"row-7\">\n\t<td class=\"column-1\">10,11,12,13  ao\u00fbt 2026<\/td><td class=\"column-2\">journ\u00e9e compl\u00e8te<\/td><td class=\"column-3\">380.00$ <\/td><td class=\"column-4\"><B>COMPLET<\/td>\n<\/tr>\n<tr class=\"row-8\">\n\t<td class=\"column-1\">17,18,19,20 ao\u00fbt 2026<br \/>\n<\/td><td class=\"column-2\">journ\u00e9e compl\u00e8te<\/td><td class=\"column-3\">380.00$ <\/td><td class=\"column-4\"><B>COMPLET<\/td>\n<\/tr>\n<\/tbody>\n<\/table>\n<!-- #tablepress-51 from cache -->\n\r\n\r\n\r\n<p class=\"has-text-color has-background has-text-align-center has-medium-font-size\" style=\"background-color: #e9eaec; color: #04613f;\">Voici les dates des camps (demi-journ\u00e9e)<\/p>\r\n\r\n\r\n\n<table id=\"tablepress-52\" class=\"tablepress tablepress-id-52\">\n<thead>\n<tr class=\"row-1\">\n\t<th class=\"column-1\">Date<\/th><th class=\"column-2\">Dur\u00e9e<\/th><th class=\"column-3\">Prix<\/th><th class=\"column-4\">Disponibilit\u00e9<\/th>\n<\/tr>\n<\/thead>\n<tbody class=\"row-striping row-hover\">\n<tr class=\"row-2\">\n\t<td class=\"column-1\">20,21,22,23 juillet 2026 Am 9h15 \u00e0 midi<\/td><td class=\"column-2\">demi-journ\u00e9e<\/td><td class=\"column-3\">230.00$<\/td><td class=\"column-4\"><B>COMPLET<\/td>\n<\/tr>\n<tr class=\"row-3\">\n\t<td class=\"column-1\">20,21,22,23 juillet 2026 Pm 13h00 \u00e0 15h45<\/td><td class=\"column-2\">demi-journ\u00e9e<\/td><td class=\"column-3\">230.00$<\/td><td class=\"column-4\"><B>COMPLET<\/td>\n<\/tr>\n<tr class=\"row-4\">\n\t<td class=\"column-1\">27,28,29,30 juillet 2026 Am 9h15 \u00e0 midi<\/td><td class=\"column-2\">demi-journ\u00e9e<\/td><td class=\"column-3\">230.00$<\/td><td class=\"column-4\"><B>COMPLET<\/td>\n<\/tr>\n<tr class=\"row-5\">\n\t<td class=\"column-1\">27,28,29,30 juillet 2026 Pm 13h00 \u00e0 15h45<br \/>\n<\/td><td class=\"column-2\">demi-journ\u00e9e<\/td><td class=\"column-3\">230.00$<\/td><td class=\"column-4\"><B>COMPLET<\/td>\n<\/tr>\n<\/tbody>\n<\/table>\n<!-- #tablepress-52 from cache -->\n<p>&nbsp;<\/p>\n<h3><img loading=\"lazy\" decoding=\"async\" width=\"970\" height=\"150\" class=\"wp-image-6179 aligncenter\" src=\"http:\/\/www.golfdorval.com\/wordpress\/wp-content\/uploads\/2021\/02\/Sans-titre.png\" alt=\"\" srcset=\"http:\/\/golfdorval.com\/wordpress\/wp-content\/uploads\/2021\/02\/Sans-titre.png 970w, http:\/\/golfdorval.com\/wordpress\/wp-content\/uploads\/2021\/02\/Sans-titre-300x46.png 300w, http:\/\/golfdorval.com\/wordpress\/wp-content\/uploads\/2021\/02\/Sans-titre-768x119.png 768w\" sizes=\"(max-width: 970px) 100vw, 970px\" \/><\/h3>\n\r\n\r\n\r\n<h3><span style=\"color: #0000ff;\">*** Toute annulation \u00e0 l&#8217;int\u00e9rieur d&#8217;un d\u00e9lai de dix (10) jours de la date du camp est assujettie \u00e0 des frais administratifs de 50$<\/span><\/h3>\r\n<h3>\u00a0<\/h3>\r\n<h1>Cliquez le lien pour l&#8217;inscription: \u21d2 \u00a0 \u00a0<a href=\"http:\/\/www.bruceeavesgolflessons.com\/fr\/\">http:\/\/www.bruceeavesgolflessons.com\/fr\/<\/a><\/h1>\r\n<h3><img loading=\"lazy\" decoding=\"async\" width=\"970\" height=\"150\" class=\"wp-image-6179 aligncenter\" src=\"http:\/\/www.golfdorval.com\/wordpress\/wp-content\/uploads\/2021\/02\/Sans-titre.png\" alt=\"\" srcset=\"http:\/\/golfdorval.com\/wordpress\/wp-content\/uploads\/2021\/02\/Sans-titre.png 970w, http:\/\/golfdorval.com\/wordpress\/wp-content\/uploads\/2021\/02\/Sans-titre-300x46.png 300w, http:\/\/golfdorval.com\/wordpress\/wp-content\/uploads\/2021\/02\/Sans-titre-768x119.png 768w\" sizes=\"(max-width: 970px) 100vw, 970px\" \/><\/h3>\r\n\r\n\r\n\r\n\r\n\r\n\r\n\r\n\r\n\r\n<p class=\"has-text-color has-background has-text-align-center has-medium-font-size\" style=\"background-color: #e9eaec; color: #04613f;\"><strong>\u00a0Pour plus d&#8217;informations: <\/strong><\/p>\r\n\r\n\r\n\r\n\r\n\r\n<p class=\"has-text-color has-text-align-center has-very-dark-gray-color\"><strong>Bruce Eaves\u00a0\u00a0\u00a0 T\u00e9l. 514-409-0072\u00a0 <a href=\"mailto:beaves@sympatico.ca\">beaves@sympatico.ca<\/a> <\/strong><\/p>\r\n\r\n\r\n\r\n<p class=\"has-text-align-center\"><a href=\"http:\/\/www.bruceeavesgolflessons.com\/fr\/\"><strong>http:\/\/www.bruceeavesgolflessons.com\/fr\/<\/strong><\/a><\/p>\r\n","protected":false},"excerpt":{"rendered":"<p>\u00a0 \u00a0 \u00a0 \u00a0 \u00a0 \u00a0 Camp de jour junior de golf\u00a0 dans la r\u00e9gion de Montr\u00e9al \u00a0 \u00a0 \u00a0 \u00a0 \u00a0 LES CAMPS DE GOLF POUR L&#8217;\u00c9T\u00c9 2026 &nbsp; [&hellip;]<\/p>\n","protected":false},"author":1,"featured_media":0,"parent":0,"menu_order":0,"comment_status":"closed","ping_status":"closed","template":"","meta":{"_monsterinsights_skip_tracking":false,"_monsterinsights_sitenote_active":false,"_monsterinsights_sitenote_note":"","_monsterinsights_sitenote_category":0,"footnotes":""},"aioseo_notices":[],"_links":{"self":[{"href":"http:\/\/golfdorval.com\/wordpress\/wp-json\/wp\/v2\/pages\/891"}],"collection":[{"href":"http:\/\/golfdorval.com\/wordpress\/wp-json\/wp\/v2\/pages"}],"about":[{"href":"http:\/\/golfdorval.com\/wordpress\/wp-json\/wp\/v2\/types\/page"}],"author":[{"embeddable":true,"href":"http:\/\/golfdorval.com\/wordpress\/wp-json\/wp\/v2\/users\/1"}],"replies":[{"embeddable":true,"href":"http:\/\/golfdorval.com\/wordpress\/wp-json\/wp\/v2\/comments?post=891"}],"version-history":[{"count":147,"href":"http:\/\/golfdorval.com\/wordpress\/wp-json\/wp\/v2\/pages\/891\/revisions"}],"predecessor-version":[{"id":10069,"href":"http:\/\/golfdorval.com\/wordpress\/wp-json\/wp\/v2\/pages\/891\/revisions\/10069"}],"wp:attachment":[{"href":"http:\/\/golfdorval.com\/wordpress\/wp-json\/wp\/v2\/media?parent=891"}],"curies":[{"name":"wp","href":"https:\/\/api.w.org\/{rel}","templated":true}]}}