{"id":9403,"date":"2024-12-14T09:38:57","date_gmt":"2024-12-14T14:38:57","guid":{"rendered":"http:\/\/www.golfdorval.com\/wordpress\/?page_id=9403"},"modified":"2025-11-13T10:44:31","modified_gmt":"2025-11-13T15:44:31","slug":"cours-de-golf-interieur","status":"publish","type":"page","link":"http:\/\/golfdorval.com\/wordpress\/fr\/cours-de-golf-interieur\/","title":{"rendered":"Cours de golf int\u00e9rieur"},"content":{"rendered":"<h2 style=\"text-align: center;\"><span style=\"color: #008000;\">Vous souhaitez am\u00e9liorer votre jeu de golf cet hiver et prendre le meilleur d\u00e9part de la saison au printemps\u00a0?<\/span><\/h2>\n<h3 style=\"text-align: center;\"><span style=\"color: #008000;\">Bruce Eaves Golf Lessons est l&#8217;un des meilleurs endroits en ville pour prendre des le\u00e7ons de golf en salle avec un simulateur<sup>*<\/sup> pour des le\u00e7ons individuelles ou semi-priv\u00e9es. Les le\u00e7ons du lundi au jeudi (Bruce Eaves) et lundi au vendredi \/ samedi et dimanche (Conrad Crawford) peuvent \u00eatre r\u00e9serv\u00e9es d\u00e8s maintenant !<\/span><\/h3>\n<p style=\"text-align: center;\"><span style=\"color: #0000ff;\"><sup>*<\/sup>Des frais suppl\u00e9mentaires s&#8217;appliquent pour la location de simulateurs de golf. Certaines conditions s&#8217;appliquent. Taxes en sus.<\/span><\/p>\n<h2 style=\"text-align: center;\"><span style=\"color: #ff0000;\">Les cours se donnent au &#8220;SKRATCH&#8221;\u00a0 \u00a011841 Boul. de Pierrefonds, Pierrefonds.\u00a0 <\/span><\/h2>\n<h3 style=\"text-align: center;\"><span style=\"color: #ff0000;\">**** Prenez note que Golf Dorval ne poss\u00e8de pas de simulateur de golf.<\/span><\/h3>\n<p><img loading=\"lazy\" decoding=\"async\" class=\"aligncenter size-full wp-image-9442\" src=\"http:\/\/www.golfdorval.com\/wordpress\/wp-content\/uploads\/2025\/01\/Ajuter-un-titre.png\" alt=\"\" width=\"800\" height=\"800\" srcset=\"http:\/\/golfdorval.com\/wordpress\/wp-content\/uploads\/2025\/01\/Ajuter-un-titre.png 800w, http:\/\/golfdorval.com\/wordpress\/wp-content\/uploads\/2025\/01\/Ajuter-un-titre-300x300.png 300w, http:\/\/golfdorval.com\/wordpress\/wp-content\/uploads\/2025\/01\/Ajuter-un-titre-150x150.png 150w, http:\/\/golfdorval.com\/wordpress\/wp-content\/uploads\/2025\/01\/Ajuter-un-titre-768x768.png 768w\" sizes=\"(max-width: 800px) 100vw, 800px\" \/><\/p>\n<h1 style=\"text-align: center;\">Bruce Eaves\u00a0 au (514) 409-0072<\/h1>\n<h1 style=\"text-align: center;\"><a href=\"mailto:beaves@sympatico.ca\">beaves@sympatico.ca\u00a0<\/a><\/h1>\n<p>&nbsp;<\/p>\n<h1 style=\"text-align: center;\"><span style=\"text-align: left; font-size: 16px;\">\u00a0<\/span> Lundi au jeudi<\/h1>\n<h3><img loading=\"lazy\" decoding=\"async\" class=\"wp-image-4299 size-full aligncenter\" src=\"http:\/\/www.golfdorval.com\/wordpress\/wp-content\/uploads\/2019\/05\/Sans-titre-2.png\" alt=\"\" width=\"250\" height=\"300\" \/><\/h3>\n<p>&nbsp;<\/p>\n<p>&nbsp;<\/p>\n<h1 style=\"text-align: center;\"><strong>Conrad Crawford <\/strong><strong>au (438) 876-8091<\/strong><\/h1>\n<h1 style=\"text-align: center;\"><a href=\"mailto:golfwithconrad@gmail.com\">golfwithconrad@gmail.com<\/a><\/h1>\n<h1 style=\"text-align: center;\"><strong>Lundi au vendredi \/ Samedi et dimanche<\/strong><\/h1>\n<h1><strong><img loading=\"lazy\" decoding=\"async\" class=\"size-full wp-image-9073 aligncenter\" src=\"http:\/\/www.golfdorval.com\/wordpress\/wp-content\/uploads\/2024\/06\/Conrad-Crawford-e1717254818522.jpg\" alt=\"\" width=\"250\" height=\"323\" \/><\/strong><\/h1>\n","protected":false},"excerpt":{"rendered":"<p>Vous souhaitez am\u00e9liorer votre jeu de golf cet hiver et prendre le meilleur d\u00e9part de la saison au printemps\u00a0? Bruce Eaves Golf Lessons est l&#8217;un des meilleurs endroits en ville [&hellip;]<\/p>\n","protected":false},"author":1,"featured_media":0,"parent":0,"menu_order":0,"comment_status":"closed","ping_status":"closed","template":"","meta":{"_monsterinsights_skip_tracking":false,"_monsterinsights_sitenote_active":false,"_monsterinsights_sitenote_note":"","_monsterinsights_sitenote_category":0,"footnotes":""},"aioseo_notices":[],"_links":{"self":[{"href":"http:\/\/golfdorval.com\/wordpress\/wp-json\/wp\/v2\/pages\/9403"}],"collection":[{"href":"http:\/\/golfdorval.com\/wordpress\/wp-json\/wp\/v2\/pages"}],"about":[{"href":"http:\/\/golfdorval.com\/wordpress\/wp-json\/wp\/v2\/types\/page"}],"author":[{"embeddable":true,"href":"http:\/\/golfdorval.com\/wordpress\/wp-json\/wp\/v2\/users\/1"}],"replies":[{"embeddable":true,"href":"http:\/\/golfdorval.com\/wordpress\/wp-json\/wp\/v2\/comments?post=9403"}],"version-history":[{"count":24,"href":"http:\/\/golfdorval.com\/wordpress\/wp-json\/wp\/v2\/pages\/9403\/revisions"}],"predecessor-version":[{"id":10040,"href":"http:\/\/golfdorval.com\/wordpress\/wp-json\/wp\/v2\/pages\/9403\/revisions\/10040"}],"wp:attachment":[{"href":"http:\/\/golfdorval.com\/wordpress\/wp-json\/wp\/v2\/media?parent=9403"}],"curies":[{"name":"wp","href":"https:\/\/api.w.org\/{rel}","templated":true}]}}